{"id":2678,"date":"2016-07-26T11:07:04","date_gmt":"2016-07-26T09:07:04","guid":{"rendered":"http:\/\/beta.praskagieldaspozywcza.pl\/en\/?page_id=2678"},"modified":"2016-07-27T08:39:25","modified_gmt":"2016-07-27T06:39:25","slug":"market-place-statistics","status":"publish","type":"page","link":"https:\/\/www.praskagieldaspozywcza.pl\/en\/market-place\/market-place-statistics\/","title":{"rendered":"Market place statistics"},"content":{"rendered":"<p><img loading=\"lazy\" class=\"aligncenter size-full wp-image-2636\" src=\"http:\/\/beta.praskagieldaspozywcza.pl\/wp-content\/uploads\/2016\/07\/infografika.png\" alt=\"infografika\" width=\"1750\" height=\"3541\" srcset=\"https:\/\/www.praskagieldaspozywcza.pl\/wp-content\/uploads\/2016\/07\/infografika.png 1750w, https:\/\/www.praskagieldaspozywcza.pl\/wp-content\/uploads\/2016\/07\/infografika-148x300.png 148w, https:\/\/www.praskagieldaspozywcza.pl\/wp-content\/uploads\/2016\/07\/infografika-768x1554.png 768w, https:\/\/www.praskagieldaspozywcza.pl\/wp-content\/uploads\/2016\/07\/infografika-506x1024.png 506w, https:\/\/www.praskagieldaspozywcza.pl\/wp-content\/uploads\/2016\/07\/infografika-250x506.png 250w, https:\/\/www.praskagieldaspozywcza.pl\/wp-content\/uploads\/2016\/07\/infografika-550x1113.png 550w, https:\/\/www.praskagieldaspozywcza.pl\/wp-content\/uploads\/2016\/07\/infografika-800x1619.png 800w, https:\/\/www.praskagieldaspozywcza.pl\/wp-content\/uploads\/2016\/07\/infografika-89x180.png 89w, https:\/\/www.praskagieldaspozywcza.pl\/wp-content\/uploads\/2016\/07\/infografika-247x500.png 247w\" sizes=\"(max-width: 1750px) 100vw, 1750px\" \/><\/p>\n","protected":false},"excerpt":{"rendered":"","protected":false},"author":1,"featured_media":2565,"parent":83,"menu_order":0,"comment_status":"closed","ping_status":"closed","template":"page-sidebargielda.php","meta":[],"yoast_head":"<!-- This site is optimized with the Yoast SEO plugin v16.8 - https:\/\/yoast.com\/wordpress\/plugins\/seo\/ -->\n<meta name=\"robots\" content=\"noindex,follow\" \/>\n<meta property=\"og:locale\" content=\"en_US\" \/>\n<meta property=\"og:type\" content=\"article\" \/>\n<meta property=\"og:title\" content=\"Market place statistics - Praska Gie\u0142da Spo\u017cywcza\" \/>\n<meta property=\"og:url\" content=\"https:\/\/www.praskagieldaspozywcza.pl\/en\/market-place\/market-place-statistics\/\" \/>\n<meta property=\"og:site_name\" content=\"Praska Gie\u0142da Spo\u017cywcza\" \/>\n<meta property=\"article:publisher\" content=\"https:\/\/www.facebook.com\/praska.gielda\/\" \/>\n<meta property=\"article:modified_time\" content=\"2016-07-27T06:39:25+00:00\" \/>\n<meta property=\"og:image\" content=\"https:\/\/www.praskagieldaspozywcza.pl\/wp-content\/uploads\/2016\/07\/banner_gielda_w_liczbach_v2c.jpg\" \/>\n\t<meta property=\"og:image:width\" content=\"1600\" \/>\n\t<meta property=\"og:image:height\" content=\"180\" \/>\n<meta name=\"twitter:card\" content=\"summary\" \/>\n<script type=\"application\/ld+json\" class=\"yoast-schema-graph\">{\"@context\":\"https:\/\/schema.org\",\"@graph\":[{\"@type\":\"WebSite\",\"@id\":\"https:\/\/www.praskagieldaspozywcza.pl\/#website\",\"url\":\"https:\/\/www.praskagieldaspozywcza.pl\/\",\"name\":\"Praska Gie\\u0142da Spo\\u017cywcza\",\"description\":\"Praska Gie\\u0142da Spo\\u017cywcza Warszawa, woj. Mazowieckie - pe\\u0142ne zaopatrzenie sklep\\u00f3w spo\\u017cywczych, horeca i gastronomii. Hurtownie spo\\u017cywcze oferuj\\u0105ce  w\\u0119dliny, \\u015bwie\\u017ce ryby, mi\\u0119so i opakowania jednorazowe. Hurtownia artyku\\u0142\\u00f3w spo\\u017cywczych, alkoholi, gastronomiczna czy hurtownia s\\u0142odyczy do znalezienia na gie\\u0142dzie.\",\"potentialAction\":[{\"@type\":\"SearchAction\",\"target\":{\"@type\":\"EntryPoint\",\"urlTemplate\":\"https:\/\/www.praskagieldaspozywcza.pl\/?s={search_term_string}\"},\"query-input\":\"required name=search_term_string\"}],\"inLanguage\":\"ENH\"},{\"@type\":\"ImageObject\",\"@id\":\"https:\/\/www.praskagieldaspozywcza.pl\/en\/market-place\/market-place-statistics\/#primaryimage\",\"inLanguage\":\"ENH\",\"url\":\"https:\/\/www.praskagieldaspozywcza.pl\/wp-content\/uploads\/2016\/07\/banner_gielda_w_liczbach_v2c.jpg\",\"contentUrl\":\"https:\/\/www.praskagieldaspozywcza.pl\/wp-content\/uploads\/2016\/07\/banner_gielda_w_liczbach_v2c.jpg\",\"width\":1600,\"height\":180},{\"@type\":\"WebPage\",\"@id\":\"https:\/\/www.praskagieldaspozywcza.pl\/en\/market-place\/market-place-statistics\/#webpage\",\"url\":\"https:\/\/www.praskagieldaspozywcza.pl\/en\/market-place\/market-place-statistics\/\",\"name\":\"Market place statistics - Praska Gie\\u0142da Spo\\u017cywcza\",\"isPartOf\":{\"@id\":\"https:\/\/www.praskagieldaspozywcza.pl\/#website\"},\"primaryImageOfPage\":{\"@id\":\"https:\/\/www.praskagieldaspozywcza.pl\/en\/market-place\/market-place-statistics\/#primaryimage\"},\"datePublished\":\"2016-07-26T09:07:04+00:00\",\"dateModified\":\"2016-07-27T06:39:25+00:00\",\"breadcrumb\":{\"@id\":\"https:\/\/www.praskagieldaspozywcza.pl\/en\/market-place\/market-place-statistics\/#breadcrumb\"},\"inLanguage\":\"ENH\",\"potentialAction\":[{\"@type\":\"ReadAction\",\"target\":[\"https:\/\/www.praskagieldaspozywcza.pl\/en\/market-place\/market-place-statistics\/\"]}]},{\"@type\":\"BreadcrumbList\",\"@id\":\"https:\/\/www.praskagieldaspozywcza.pl\/en\/market-place\/market-place-statistics\/#breadcrumb\",\"itemListElement\":[{\"@type\":\"ListItem\",\"position\":1,\"name\":\"Strona g\\u0142\\u00f3wna\",\"item\":\"https:\/\/www.praskagieldaspozywcza.pl\/en\/\"},{\"@type\":\"ListItem\",\"position\":2,\"name\":\"Market place\",\"item\":\"https:\/\/www.praskagieldaspozywcza.pl\/en\/market-place\/\"},{\"@type\":\"ListItem\",\"position\":3,\"name\":\"Market place statistics\"}]}]}<\/script>\n<!-- \/ Yoast SEO plugin. -->","yoast_head_json":{"robots":{"index,follow":"noindex,follow"},"og_locale":"en_US","og_type":"article","og_title":"Market place statistics - Praska Gie\u0142da Spo\u017cywcza","og_url":"https:\/\/www.praskagieldaspozywcza.pl\/en\/market-place\/market-place-statistics\/","og_site_name":"Praska Gie\u0142da Spo\u017cywcza","article_publisher":"https:\/\/www.facebook.com\/praska.gielda\/","article_modified_time":"2016-07-27T06:39:25+00:00","og_image":[{"width":1600,"height":180,"url":"https:\/\/www.praskagieldaspozywcza.pl\/wp-content\/uploads\/2016\/07\/banner_gielda_w_liczbach_v2c.jpg","path":"\/\/wp-content\/uploads\/2016\/07\/banner_gielda_w_liczbach_v2c.jpg","size":"full","id":2565,"alt":"","pixels":288000,"type":"image\/jpeg"}],"twitter_card":"summary","schema":{"@context":"https:\/\/schema.org","@graph":[{"@type":"WebSite","@id":"https:\/\/www.praskagieldaspozywcza.pl\/#website","url":"https:\/\/www.praskagieldaspozywcza.pl\/","name":"Praska Gie\u0142da Spo\u017cywcza","description":"Praska Gie\u0142da Spo\u017cywcza Warszawa, woj. Mazowieckie - pe\u0142ne zaopatrzenie sklep\u00f3w spo\u017cywczych, horeca i gastronomii. Hurtownie spo\u017cywcze oferuj\u0105ce  w\u0119dliny, \u015bwie\u017ce ryby, mi\u0119so i opakowania jednorazowe. Hurtownia artyku\u0142\u00f3w spo\u017cywczych, alkoholi, gastronomiczna czy hurtownia s\u0142odyczy do znalezienia na gie\u0142dzie.","potentialAction":[{"@type":"SearchAction","target":{"@type":"EntryPoint","urlTemplate":"https:\/\/www.praskagieldaspozywcza.pl\/?s={search_term_string}"},"query-input":"required name=search_term_string"}],"inLanguage":"ENH"},{"@type":"ImageObject","@id":"https:\/\/www.praskagieldaspozywcza.pl\/en\/market-place\/market-place-statistics\/#primaryimage","inLanguage":"ENH","url":"https:\/\/www.praskagieldaspozywcza.pl\/wp-content\/uploads\/2016\/07\/banner_gielda_w_liczbach_v2c.jpg","contentUrl":"https:\/\/www.praskagieldaspozywcza.pl\/wp-content\/uploads\/2016\/07\/banner_gielda_w_liczbach_v2c.jpg","width":1600,"height":180},{"@type":"WebPage","@id":"https:\/\/www.praskagieldaspozywcza.pl\/en\/market-place\/market-place-statistics\/#webpage","url":"https:\/\/www.praskagieldaspozywcza.pl\/en\/market-place\/market-place-statistics\/","name":"Market place statistics - Praska Gie\u0142da Spo\u017cywcza","isPartOf":{"@id":"https:\/\/www.praskagieldaspozywcza.pl\/#website"},"primaryImageOfPage":{"@id":"https:\/\/www.praskagieldaspozywcza.pl\/en\/market-place\/market-place-statistics\/#primaryimage"},"datePublished":"2016-07-26T09:07:04+00:00","dateModified":"2016-07-27T06:39:25+00:00","breadcrumb":{"@id":"https:\/\/www.praskagieldaspozywcza.pl\/en\/market-place\/market-place-statistics\/#breadcrumb"},"inLanguage":"ENH","potentialAction":[{"@type":"ReadAction","target":["https:\/\/www.praskagieldaspozywcza.pl\/en\/market-place\/market-place-statistics\/"]}]},{"@type":"BreadcrumbList","@id":"https:\/\/www.praskagieldaspozywcza.pl\/en\/market-place\/market-place-statistics\/#breadcrumb","itemListElement":[{"@type":"ListItem","position":1,"name":"Strona g\u0142\u00f3wna","item":"https:\/\/www.praskagieldaspozywcza.pl\/en\/"},{"@type":"ListItem","position":2,"name":"Market place","item":"https:\/\/www.praskagieldaspozywcza.pl\/en\/market-place\/"},{"@type":"ListItem","position":3,"name":"Market place statistics"}]}]}},"_links":{"self":[{"href":"https:\/\/www.praskagieldaspozywcza.pl\/en\/wp-json\/wp\/v2\/pages\/2678"}],"collection":[{"href":"https:\/\/www.praskagieldaspozywcza.pl\/en\/wp-json\/wp\/v2\/pages"}],"about":[{"href":"https:\/\/www.praskagieldaspozywcza.pl\/en\/wp-json\/wp\/v2\/types\/page"}],"author":[{"embeddable":true,"href":"https:\/\/www.praskagieldaspozywcza.pl\/en\/wp-json\/wp\/v2\/users\/1"}],"replies":[{"embeddable":true,"href":"https:\/\/www.praskagieldaspozywcza.pl\/en\/wp-json\/wp\/v2\/comments?post=2678"}],"version-history":[{"count":1,"href":"https:\/\/www.praskagieldaspozywcza.pl\/en\/wp-json\/wp\/v2\/pages\/2678\/revisions"}],"predecessor-version":[{"id":2681,"href":"https:\/\/www.praskagieldaspozywcza.pl\/en\/wp-json\/wp\/v2\/pages\/2678\/revisions\/2681"}],"up":[{"embeddable":true,"href":"https:\/\/www.praskagieldaspozywcza.pl\/en\/wp-json\/wp\/v2\/pages\/83"}],"wp:featuredmedia":[{"embeddable":true,"href":"https:\/\/www.praskagieldaspozywcza.pl\/en\/wp-json\/wp\/v2\/media\/2565"}],"wp:attachment":[{"href":"https:\/\/www.praskagieldaspozywcza.pl\/en\/wp-json\/wp\/v2\/media?parent=2678"}],"curies":[{"name":"wp","href":"https:\/\/api.w.org\/{rel}","templated":true}]}}