{"id":2679,"date":"2016-07-26T11:07:41","date_gmt":"2016-07-26T09:07:41","guid":{"rendered":"http:\/\/beta.praskagieldaspozywcza.pl\/en\/?page_id=2679"},"modified":"2016-07-27T08:40:31","modified_gmt":"2016-07-27T06:40:31","slug":"wholesale-list","status":"publish","type":"page","link":"https:\/\/www.praskagieldaspozywcza.pl\/en\/market-place\/wholesale-list\/","title":{"rendered":"Wholesale list"},"content":{"rendered":"","protected":false},"excerpt":{"rendered":"","protected":false},"author":1,"featured_media":2380,"parent":83,"menu_order":0,"comment_status":"closed","ping_status":"closed","template":"","meta":[],"yoast_head":"<!-- This site is optimized with the Yoast SEO plugin v16.8 - https:\/\/yoast.com\/wordpress\/plugins\/seo\/ -->\n<meta name=\"robots\" content=\"noindex,follow\" \/>\n<meta property=\"og:locale\" content=\"en_US\" \/>\n<meta property=\"og:type\" content=\"article\" \/>\n<meta property=\"og:title\" content=\"Wholesale list - Praska Gie\u0142da Spo\u017cywcza\" \/>\n<meta property=\"og:url\" content=\"https:\/\/www.praskagieldaspozywcza.pl\/en\/market-place\/wholesale-list\/\" \/>\n<meta property=\"og:site_name\" content=\"Praska Gie\u0142da Spo\u017cywcza\" \/>\n<meta property=\"article:publisher\" content=\"https:\/\/www.facebook.com\/praska.gielda\/\" \/>\n<meta property=\"article:modified_time\" content=\"2016-07-27T06:40:31+00:00\" \/>\n<meta property=\"og:image\" content=\"https:\/\/www.praskagieldaspozywcza.pl\/wp-content\/uploads\/2016\/06\/banner_wynajem_powierzchni_v1c.jpg\" \/>\n\t<meta property=\"og:image:width\" content=\"1600\" \/>\n\t<meta property=\"og:image:height\" content=\"180\" \/>\n<meta name=\"twitter:card\" content=\"summary\" \/>\n<script type=\"application\/ld+json\" class=\"yoast-schema-graph\">{\"@context\":\"https:\/\/schema.org\",\"@graph\":[{\"@type\":\"WebSite\",\"@id\":\"https:\/\/www.praskagieldaspozywcza.pl\/#website\",\"url\":\"https:\/\/www.praskagieldaspozywcza.pl\/\",\"name\":\"Praska Gie\\u0142da Spo\\u017cywcza\",\"description\":\"Praska Gie\\u0142da Spo\\u017cywcza Warszawa, woj. Mazowieckie - pe\\u0142ne zaopatrzenie sklep\\u00f3w spo\\u017cywczych, horeca i gastronomii. Hurtownie spo\\u017cywcze oferuj\\u0105ce  w\\u0119dliny, \\u015bwie\\u017ce ryby, mi\\u0119so i opakowania jednorazowe. Hurtownia artyku\\u0142\\u00f3w spo\\u017cywczych, alkoholi, gastronomiczna czy hurtownia s\\u0142odyczy do znalezienia na gie\\u0142dzie.\",\"potentialAction\":[{\"@type\":\"SearchAction\",\"target\":{\"@type\":\"EntryPoint\",\"urlTemplate\":\"https:\/\/www.praskagieldaspozywcza.pl\/?s={search_term_string}\"},\"query-input\":\"required name=search_term_string\"}],\"inLanguage\":\"ENH\"},{\"@type\":\"ImageObject\",\"@id\":\"https:\/\/www.praskagieldaspozywcza.pl\/en\/market-place\/wholesale-list\/#primaryimage\",\"inLanguage\":\"ENH\",\"url\":\"https:\/\/www.praskagieldaspozywcza.pl\/wp-content\/uploads\/2016\/06\/banner_wynajem_powierzchni_v1c.jpg\",\"contentUrl\":\"https:\/\/www.praskagieldaspozywcza.pl\/wp-content\/uploads\/2016\/06\/banner_wynajem_powierzchni_v1c.jpg\",\"width\":1600,\"height\":180},{\"@type\":\"WebPage\",\"@id\":\"https:\/\/www.praskagieldaspozywcza.pl\/en\/market-place\/wholesale-list\/#webpage\",\"url\":\"https:\/\/www.praskagieldaspozywcza.pl\/en\/market-place\/wholesale-list\/\",\"name\":\"Wholesale list - Praska Gie\\u0142da Spo\\u017cywcza\",\"isPartOf\":{\"@id\":\"https:\/\/www.praskagieldaspozywcza.pl\/#website\"},\"primaryImageOfPage\":{\"@id\":\"https:\/\/www.praskagieldaspozywcza.pl\/en\/market-place\/wholesale-list\/#primaryimage\"},\"datePublished\":\"2016-07-26T09:07:41+00:00\",\"dateModified\":\"2016-07-27T06:40:31+00:00\",\"breadcrumb\":{\"@id\":\"https:\/\/www.praskagieldaspozywcza.pl\/en\/market-place\/wholesale-list\/#breadcrumb\"},\"inLanguage\":\"ENH\",\"potentialAction\":[{\"@type\":\"ReadAction\",\"target\":[\"https:\/\/www.praskagieldaspozywcza.pl\/en\/market-place\/wholesale-list\/\"]}]},{\"@type\":\"BreadcrumbList\",\"@id\":\"https:\/\/www.praskagieldaspozywcza.pl\/en\/market-place\/wholesale-list\/#breadcrumb\",\"itemListElement\":[{\"@type\":\"ListItem\",\"position\":1,\"name\":\"Strona g\\u0142\\u00f3wna\",\"item\":\"https:\/\/www.praskagieldaspozywcza.pl\/en\/\"},{\"@type\":\"ListItem\",\"position\":2,\"name\":\"Market place\",\"item\":\"https:\/\/www.praskagieldaspozywcza.pl\/en\/market-place\/\"},{\"@type\":\"ListItem\",\"position\":3,\"name\":\"Wholesale list\"}]}]}<\/script>\n<!-- \/ Yoast SEO plugin. -->","yoast_head_json":{"robots":{"index,follow":"noindex,follow"},"og_locale":"en_US","og_type":"article","og_title":"Wholesale list - Praska Gie\u0142da Spo\u017cywcza","og_url":"https:\/\/www.praskagieldaspozywcza.pl\/en\/market-place\/wholesale-list\/","og_site_name":"Praska Gie\u0142da Spo\u017cywcza","article_publisher":"https:\/\/www.facebook.com\/praska.gielda\/","article_modified_time":"2016-07-27T06:40:31+00:00","og_image":[{"width":1600,"height":180,"url":"https:\/\/www.praskagieldaspozywcza.pl\/wp-content\/uploads\/2016\/06\/banner_wynajem_powierzchni_v1c.jpg","path":"\/\/wp-content\/uploads\/2016\/06\/banner_wynajem_powierzchni_v1c.jpg","size":"full","id":2380,"alt":"","pixels":288000,"type":"image\/jpeg"}],"twitter_card":"summary","schema":{"@context":"https:\/\/schema.org","@graph":[{"@type":"WebSite","@id":"https:\/\/www.praskagieldaspozywcza.pl\/#website","url":"https:\/\/www.praskagieldaspozywcza.pl\/","name":"Praska Gie\u0142da Spo\u017cywcza","description":"Praska Gie\u0142da Spo\u017cywcza Warszawa, woj. Mazowieckie - pe\u0142ne zaopatrzenie sklep\u00f3w spo\u017cywczych, horeca i gastronomii. Hurtownie spo\u017cywcze oferuj\u0105ce  w\u0119dliny, \u015bwie\u017ce ryby, mi\u0119so i opakowania jednorazowe. Hurtownia artyku\u0142\u00f3w spo\u017cywczych, alkoholi, gastronomiczna czy hurtownia s\u0142odyczy do znalezienia na gie\u0142dzie.","potentialAction":[{"@type":"SearchAction","target":{"@type":"EntryPoint","urlTemplate":"https:\/\/www.praskagieldaspozywcza.pl\/?s={search_term_string}"},"query-input":"required name=search_term_string"}],"inLanguage":"ENH"},{"@type":"ImageObject","@id":"https:\/\/www.praskagieldaspozywcza.pl\/en\/market-place\/wholesale-list\/#primaryimage","inLanguage":"ENH","url":"https:\/\/www.praskagieldaspozywcza.pl\/wp-content\/uploads\/2016\/06\/banner_wynajem_powierzchni_v1c.jpg","contentUrl":"https:\/\/www.praskagieldaspozywcza.pl\/wp-content\/uploads\/2016\/06\/banner_wynajem_powierzchni_v1c.jpg","width":1600,"height":180},{"@type":"WebPage","@id":"https:\/\/www.praskagieldaspozywcza.pl\/en\/market-place\/wholesale-list\/#webpage","url":"https:\/\/www.praskagieldaspozywcza.pl\/en\/market-place\/wholesale-list\/","name":"Wholesale list - Praska Gie\u0142da Spo\u017cywcza","isPartOf":{"@id":"https:\/\/www.praskagieldaspozywcza.pl\/#website"},"primaryImageOfPage":{"@id":"https:\/\/www.praskagieldaspozywcza.pl\/en\/market-place\/wholesale-list\/#primaryimage"},"datePublished":"2016-07-26T09:07:41+00:00","dateModified":"2016-07-27T06:40:31+00:00","breadcrumb":{"@id":"https:\/\/www.praskagieldaspozywcza.pl\/en\/market-place\/wholesale-list\/#breadcrumb"},"inLanguage":"ENH","potentialAction":[{"@type":"ReadAction","target":["https:\/\/www.praskagieldaspozywcza.pl\/en\/market-place\/wholesale-list\/"]}]},{"@type":"BreadcrumbList","@id":"https:\/\/www.praskagieldaspozywcza.pl\/en\/market-place\/wholesale-list\/#breadcrumb","itemListElement":[{"@type":"ListItem","position":1,"name":"Strona g\u0142\u00f3wna","item":"https:\/\/www.praskagieldaspozywcza.pl\/en\/"},{"@type":"ListItem","position":2,"name":"Market place","item":"https:\/\/www.praskagieldaspozywcza.pl\/en\/market-place\/"},{"@type":"ListItem","position":3,"name":"Wholesale list"}]}]}},"_links":{"self":[{"href":"https:\/\/www.praskagieldaspozywcza.pl\/en\/wp-json\/wp\/v2\/pages\/2679"}],"collection":[{"href":"https:\/\/www.praskagieldaspozywcza.pl\/en\/wp-json\/wp\/v2\/pages"}],"about":[{"href":"https:\/\/www.praskagieldaspozywcza.pl\/en\/wp-json\/wp\/v2\/types\/page"}],"author":[{"embeddable":true,"href":"https:\/\/www.praskagieldaspozywcza.pl\/en\/wp-json\/wp\/v2\/users\/1"}],"replies":[{"embeddable":true,"href":"https:\/\/www.praskagieldaspozywcza.pl\/en\/wp-json\/wp\/v2\/comments?post=2679"}],"version-history":[{"count":1,"href":"https:\/\/www.praskagieldaspozywcza.pl\/en\/wp-json\/wp\/v2\/pages\/2679\/revisions"}],"predecessor-version":[{"id":2682,"href":"https:\/\/www.praskagieldaspozywcza.pl\/en\/wp-json\/wp\/v2\/pages\/2679\/revisions\/2682"}],"up":[{"embeddable":true,"href":"https:\/\/www.praskagieldaspozywcza.pl\/en\/wp-json\/wp\/v2\/pages\/83"}],"wp:featuredmedia":[{"embeddable":true,"href":"https:\/\/www.praskagieldaspozywcza.pl\/en\/wp-json\/wp\/v2\/media\/2380"}],"wp:attachment":[{"href":"https:\/\/www.praskagieldaspozywcza.pl\/en\/wp-json\/wp\/v2\/media?parent=2679"}],"curies":[{"name":"wp","href":"https:\/\/api.w.org\/{rel}","templated":true}]}}