{"id":2684,"date":"2016-07-26T11:09:06","date_gmt":"2016-07-26T09:09:06","guid":{"rendered":"http:\/\/beta.praskagieldaspozywcza.pl\/en\/?page_id=2684"},"modified":"2016-09-01T15:54:19","modified_gmt":"2016-09-01T13:54:19","slug":"contact-us","status":"publish","type":"page","link":"https:\/\/www.praskagieldaspozywcza.pl\/en\/contact-us\/","title":{"rendered":"Contact us"},"content":{"rendered":"<div role=\"form\" class=\"wpcf7\" id=\"wpcf7-f2459-o1\" lang=\"pl-PL\" dir=\"ltr\">\n<div class=\"screen-reader-response\"><p role=\"status\" aria-live=\"polite\" aria-atomic=\"true\"><\/p> <ul><\/ul><\/div>\n<form action=\"\/en\/wp-json\/wp\/v2\/pages\/2684#wpcf7-f2459-o1\" method=\"post\" class=\"wpcf7-form init contact-form contact-page\" novalidate=\"novalidate\" data-status=\"init\">\n<div style=\"display: none;\">\n<input type=\"hidden\" name=\"_wpcf7\" value=\"2459\" \/>\n<input type=\"hidden\" name=\"_wpcf7_version\" value=\"5.4.2\" \/>\n<input type=\"hidden\" name=\"_wpcf7_locale\" value=\"pl_PL\" \/>\n<input type=\"hidden\" name=\"_wpcf7_unit_tag\" value=\"wpcf7-f2459-o1\" \/>\n<input type=\"hidden\" name=\"_wpcf7_container_post\" value=\"0\" \/>\n<input type=\"hidden\" name=\"_wpcf7_posted_data_hash\" value=\"\" \/>\n<\/div>\n<p><span class=\"wpcf7-form-control-wrap Danekontaktowe\"><input type=\"text\" name=\"Danekontaktowe\" value=\"\" size=\"40\" class=\"wpcf7-form-control wpcf7-text\" aria-invalid=\"false\" placeholder=\"Dane kontaktowe:\" \/><\/span> <\/p>\n<p><span class=\"wpcf7-form-control-wrap tel-693\"><input type=\"tel\" name=\"tel-693\" value=\"\" size=\"40\" class=\"wpcf7-form-control wpcf7-text wpcf7-tel wpcf7-validates-as-tel\" aria-invalid=\"false\" placeholder=\"Numer Telefonu\" \/><\/span><\/p>\n<p><span class=\"wpcf7-form-control-wrap email\"><input type=\"email\" name=\"email\" value=\"\" size=\"40\" class=\"wpcf7-form-control wpcf7-text wpcf7-email wpcf7-validates-as-required wpcf7-validates-as-email\" aria-required=\"true\" aria-invalid=\"false\" placeholder=\"E-mail\" \/><\/span><\/p>\n<p>Tre\u015b\u0107 wiadomo\u015bci:<br \/>\n<span class=\"wpcf7-form-control-wrap textarea-369\"><textarea name=\"textarea-369\" cols=\"40\" rows=\"10\" class=\"wpcf7-form-control wpcf7-textarea\" aria-invalid=\"false\"><\/textarea><\/span><\/p>\n<p>Pytanie weryfikacyjne:<br \/>\n<span class=\"wpcf7-form-control-wrap quiz-723\"><label><span class=\"wpcf7-quiz-label\">Stolica Polski ?<\/span> <input type=\"text\" name=\"quiz-723\" size=\"40\" class=\"wpcf7-form-control wpcf7-quiz\" autocomplete=\"off\" aria-required=\"true\" aria-invalid=\"false\" \/><\/label><input type=\"hidden\" name=\"_wpcf7_quiz_answer_quiz-723\" value=\"e4bbbb30b678222b4b1799118f7b7180\" \/><\/span><\/p>\n<p><span class=\"wpcf7-form-control-wrap acceptance-81\"><span class=\"wpcf7-form-control wpcf7-acceptance\"><span class=\"wpcf7-list-item\"><input type=\"checkbox\" name=\"acceptance-81\" value=\"1\" aria-invalid=\"false\" \/><\/span><\/span><\/span> wyra\u017cam zgod\u0119 na przetwarzanie danych osobowych<\/p>\n<p> <button type=\"submit\" class=\"thm-btn\"><i class=\"icon icon-Goto\"><\/i> <span>Wy\u015blij<\/span><\/button><\/p>\n<input type='hidden' class='wpcf7-pum' value='{\"closepopup\":false,\"closedelay\":0,\"openpopup\":false,\"openpopup_id\":0}' \/><div class=\"wpcf7-response-output\" aria-hidden=\"true\"><\/div><\/form><\/div>\n","protected":false},"excerpt":{"rendered":"","protected":false},"author":1,"featured_media":2581,"parent":0,"menu_order":0,"comment_status":"closed","ping_status":"closed","template":"page-kontakt.php","meta":[],"yoast_head":"<!-- This site is optimized with the Yoast SEO plugin v16.8 - https:\/\/yoast.com\/wordpress\/plugins\/seo\/ -->\n<meta name=\"robots\" content=\"noindex,follow\" \/>\n<meta property=\"og:locale\" content=\"en_US\" \/>\n<meta property=\"og:type\" content=\"article\" \/>\n<meta property=\"og:title\" content=\"Contact us - Praska Gie\u0142da Spo\u017cywcza\" \/>\n<meta property=\"og:url\" content=\"https:\/\/www.praskagieldaspozywcza.pl\/en\/contact-us\/\" \/>\n<meta property=\"og:site_name\" content=\"Praska Gie\u0142da Spo\u017cywcza\" \/>\n<meta property=\"article:publisher\" content=\"https:\/\/www.facebook.com\/praska.gielda\/\" \/>\n<meta property=\"article:modified_time\" content=\"2016-09-01T13:54:19+00:00\" \/>\n<meta property=\"og:image\" content=\"https:\/\/www.praskagieldaspozywcza.pl\/wp-content\/uploads\/2016\/06\/banner_kontakt_v2c.jpg\" \/>\n\t<meta property=\"og:image:width\" content=\"1600\" \/>\n\t<meta property=\"og:image:height\" content=\"180\" \/>\n<meta name=\"twitter:card\" content=\"summary\" \/>\n<script type=\"application\/ld+json\" class=\"yoast-schema-graph\">{\"@context\":\"https:\/\/schema.org\",\"@graph\":[{\"@type\":\"WebSite\",\"@id\":\"https:\/\/www.praskagieldaspozywcza.pl\/#website\",\"url\":\"https:\/\/www.praskagieldaspozywcza.pl\/\",\"name\":\"Praska Gie\\u0142da Spo\\u017cywcza\",\"description\":\"Praska Gie\\u0142da Spo\\u017cywcza Warszawa, woj. Mazowieckie - pe\\u0142ne zaopatrzenie sklep\\u00f3w spo\\u017cywczych, horeca i gastronomii. Hurtownie spo\\u017cywcze oferuj\\u0105ce  w\\u0119dliny, \\u015bwie\\u017ce ryby, mi\\u0119so i opakowania jednorazowe. Hurtownia artyku\\u0142\\u00f3w spo\\u017cywczych, alkoholi, gastronomiczna czy hurtownia s\\u0142odyczy do znalezienia na gie\\u0142dzie.\",\"potentialAction\":[{\"@type\":\"SearchAction\",\"target\":{\"@type\":\"EntryPoint\",\"urlTemplate\":\"https:\/\/www.praskagieldaspozywcza.pl\/?s={search_term_string}\"},\"query-input\":\"required name=search_term_string\"}],\"inLanguage\":\"ENH\"},{\"@type\":\"ImageObject\",\"@id\":\"https:\/\/www.praskagieldaspozywcza.pl\/en\/contact-us\/#primaryimage\",\"inLanguage\":\"ENH\",\"url\":\"https:\/\/www.praskagieldaspozywcza.pl\/wp-content\/uploads\/2016\/06\/banner_kontakt_v2c.jpg\",\"contentUrl\":\"https:\/\/www.praskagieldaspozywcza.pl\/wp-content\/uploads\/2016\/06\/banner_kontakt_v2c.jpg\",\"width\":1600,\"height\":180},{\"@type\":\"WebPage\",\"@id\":\"https:\/\/www.praskagieldaspozywcza.pl\/en\/contact-us\/#webpage\",\"url\":\"https:\/\/www.praskagieldaspozywcza.pl\/en\/contact-us\/\",\"name\":\"Contact us - Praska Gie\\u0142da Spo\\u017cywcza\",\"isPartOf\":{\"@id\":\"https:\/\/www.praskagieldaspozywcza.pl\/#website\"},\"primaryImageOfPage\":{\"@id\":\"https:\/\/www.praskagieldaspozywcza.pl\/en\/contact-us\/#primaryimage\"},\"datePublished\":\"2016-07-26T09:09:06+00:00\",\"dateModified\":\"2016-09-01T13:54:19+00:00\",\"breadcrumb\":{\"@id\":\"https:\/\/www.praskagieldaspozywcza.pl\/en\/contact-us\/#breadcrumb\"},\"inLanguage\":\"ENH\",\"potentialAction\":[{\"@type\":\"ReadAction\",\"target\":[\"https:\/\/www.praskagieldaspozywcza.pl\/en\/contact-us\/\"]}]},{\"@type\":\"BreadcrumbList\",\"@id\":\"https:\/\/www.praskagieldaspozywcza.pl\/en\/contact-us\/#breadcrumb\",\"itemListElement\":[{\"@type\":\"ListItem\",\"position\":1,\"name\":\"Strona g\\u0142\\u00f3wna\",\"item\":\"https:\/\/www.praskagieldaspozywcza.pl\/en\/\"},{\"@type\":\"ListItem\",\"position\":2,\"name\":\"Contact us\"}]}]}<\/script>\n<!-- \/ Yoast SEO plugin. -->","yoast_head_json":{"robots":{"index,follow":"noindex,follow"},"og_locale":"en_US","og_type":"article","og_title":"Contact us - Praska Gie\u0142da Spo\u017cywcza","og_url":"https:\/\/www.praskagieldaspozywcza.pl\/en\/contact-us\/","og_site_name":"Praska Gie\u0142da Spo\u017cywcza","article_publisher":"https:\/\/www.facebook.com\/praska.gielda\/","article_modified_time":"2016-09-01T13:54:19+00:00","og_image":[{"width":1600,"height":180,"url":"https:\/\/www.praskagieldaspozywcza.pl\/wp-content\/uploads\/2016\/06\/banner_kontakt_v2c.jpg","path":"\/\/wp-content\/uploads\/2016\/06\/banner_kontakt_v2c.jpg","size":"full","id":2581,"alt":"","pixels":288000,"type":"image\/jpeg"}],"twitter_card":"summary","schema":{"@context":"https:\/\/schema.org","@graph":[{"@type":"WebSite","@id":"https:\/\/www.praskagieldaspozywcza.pl\/#website","url":"https:\/\/www.praskagieldaspozywcza.pl\/","name":"Praska Gie\u0142da Spo\u017cywcza","description":"Praska Gie\u0142da Spo\u017cywcza Warszawa, woj. Mazowieckie - pe\u0142ne zaopatrzenie sklep\u00f3w spo\u017cywczych, horeca i gastronomii. Hurtownie spo\u017cywcze oferuj\u0105ce  w\u0119dliny, \u015bwie\u017ce ryby, mi\u0119so i opakowania jednorazowe. Hurtownia artyku\u0142\u00f3w spo\u017cywczych, alkoholi, gastronomiczna czy hurtownia s\u0142odyczy do znalezienia na gie\u0142dzie.","potentialAction":[{"@type":"SearchAction","target":{"@type":"EntryPoint","urlTemplate":"https:\/\/www.praskagieldaspozywcza.pl\/?s={search_term_string}"},"query-input":"required name=search_term_string"}],"inLanguage":"ENH"},{"@type":"ImageObject","@id":"https:\/\/www.praskagieldaspozywcza.pl\/en\/contact-us\/#primaryimage","inLanguage":"ENH","url":"https:\/\/www.praskagieldaspozywcza.pl\/wp-content\/uploads\/2016\/06\/banner_kontakt_v2c.jpg","contentUrl":"https:\/\/www.praskagieldaspozywcza.pl\/wp-content\/uploads\/2016\/06\/banner_kontakt_v2c.jpg","width":1600,"height":180},{"@type":"WebPage","@id":"https:\/\/www.praskagieldaspozywcza.pl\/en\/contact-us\/#webpage","url":"https:\/\/www.praskagieldaspozywcza.pl\/en\/contact-us\/","name":"Contact us - Praska Gie\u0142da Spo\u017cywcza","isPartOf":{"@id":"https:\/\/www.praskagieldaspozywcza.pl\/#website"},"primaryImageOfPage":{"@id":"https:\/\/www.praskagieldaspozywcza.pl\/en\/contact-us\/#primaryimage"},"datePublished":"2016-07-26T09:09:06+00:00","dateModified":"2016-09-01T13:54:19+00:00","breadcrumb":{"@id":"https:\/\/www.praskagieldaspozywcza.pl\/en\/contact-us\/#breadcrumb"},"inLanguage":"ENH","potentialAction":[{"@type":"ReadAction","target":["https:\/\/www.praskagieldaspozywcza.pl\/en\/contact-us\/"]}]},{"@type":"BreadcrumbList","@id":"https:\/\/www.praskagieldaspozywcza.pl\/en\/contact-us\/#breadcrumb","itemListElement":[{"@type":"ListItem","position":1,"name":"Strona g\u0142\u00f3wna","item":"https:\/\/www.praskagieldaspozywcza.pl\/en\/"},{"@type":"ListItem","position":2,"name":"Contact us"}]}]}},"_links":{"self":[{"href":"https:\/\/www.praskagieldaspozywcza.pl\/en\/wp-json\/wp\/v2\/pages\/2684"}],"collection":[{"href":"https:\/\/www.praskagieldaspozywcza.pl\/en\/wp-json\/wp\/v2\/pages"}],"about":[{"href":"https:\/\/www.praskagieldaspozywcza.pl\/en\/wp-json\/wp\/v2\/types\/page"}],"author":[{"embeddable":true,"href":"https:\/\/www.praskagieldaspozywcza.pl\/en\/wp-json\/wp\/v2\/users\/1"}],"replies":[{"embeddable":true,"href":"https:\/\/www.praskagieldaspozywcza.pl\/en\/wp-json\/wp\/v2\/comments?post=2684"}],"version-history":[{"count":1,"href":"https:\/\/www.praskagieldaspozywcza.pl\/en\/wp-json\/wp\/v2\/pages\/2684\/revisions"}],"predecessor-version":[{"id":2685,"href":"https:\/\/www.praskagieldaspozywcza.pl\/en\/wp-json\/wp\/v2\/pages\/2684\/revisions\/2685"}],"wp:featuredmedia":[{"embeddable":true,"href":"https:\/\/www.praskagieldaspozywcza.pl\/en\/wp-json\/wp\/v2\/media\/2581"}],"wp:attachment":[{"href":"https:\/\/www.praskagieldaspozywcza.pl\/en\/wp-json\/wp\/v2\/media?parent=2684"}],"curies":[{"name":"wp","href":"https:\/\/api.w.org\/{rel}","templated":true}]}}