{"id":2696,"date":"2016-07-26T11:11:36","date_gmt":"2016-07-26T09:11:36","guid":{"rendered":"http:\/\/beta.praskagieldaspozywcza.pl\/en\/?page_id=2696"},"modified":"2016-07-27T08:41:12","modified_gmt":"2016-07-27T06:41:12","slug":"history","status":"publish","type":"page","link":"https:\/\/www.praskagieldaspozywcza.pl\/en\/about-us\/history\/","title":{"rendered":"History"},"content":{"rendered":"<p><strong>Jeste\u015bmy jednym z najwi\u0119kszych rynk\u00f3w hurtowych w Polsce.<\/strong><br \/>\n<strong> Znajdujemy si\u0119 w Z\u0105bkach, w odleg\u0142o\u015bci zaledwie 7 kilometr\u00f3w od centrum Stolicy.<\/strong><\/p>\n<p>Nasza Gie\u0142da od 1991r. do chwili obecnej zajmuje znacz\u0105ce miejsce w strukturze dystrybucji artyku\u0142\u00f3w spo\u017cywczych na Mazowszu.<br \/>\nStanowimy baz\u0119 zaopatrzenia dla tysi\u0119cy sklep\u00f3w detalicznych, drobnego hurtu, HoReCa oraz punkt\u00f3w zbiorowego \u017cywienia.<\/p>\n<p>Handel na Gie\u0142dzie skupia si\u0119 g\u0142\u00f3wnie w sektorach: mi\u0119so i jego przetwory, nabia\u0142, owoce i warzywa oraz pozosta\u0142e artyku\u0142y spo\u017cywcze. Nasz rynek charakteryzuje si\u0119 wysok\u0105 cz\u0119stotliwo\u015bci\u0105 zakup\u00f3w, szybk\u0105 rotacj\u0105 towar\u00f3w oraz p\u0142atno\u015bci\u0105 got\u00f3wkow\u0105.<\/p>\n","protected":false},"excerpt":{"rendered":"<p>Jeste\u015bmy jednym z najwi\u0119kszych rynk\u00f3w hurtowych w Polsce. Znajdujemy si\u0119 w Z\u0105bkach, w odleg\u0142o\u015bci zaledwie 7 kilometr\u00f3w od centrum Stolicy. Nasza Gie\u0142da od 1991r. do chwili obecnej zajmuje znacz\u0105ce miejsce w strukturze dystrybucji artyku\u0142\u00f3w spo\u017cywczych na Mazowszu. Stanowimy baz\u0119 zaopatrzenia dla tysi\u0119cy sklep\u00f3w detalicznych, drobnego hurtu, HoReCa oraz punkt\u00f3w zbiorowego \u017cywienia. Handel na Gie\u0142dzie skupia [&hellip;]<\/p>\n","protected":false},"author":1,"featured_media":2402,"parent":2692,"menu_order":0,"comment_status":"closed","ping_status":"closed","template":"page-sidebar.php","meta":[],"yoast_head":"<!-- This site is optimized with the Yoast SEO plugin v16.8 - https:\/\/yoast.com\/wordpress\/plugins\/seo\/ -->\n<meta name=\"robots\" content=\"noindex,follow\" \/>\n<meta property=\"og:locale\" content=\"en_US\" \/>\n<meta property=\"og:type\" content=\"article\" \/>\n<meta property=\"og:title\" content=\"History - Praska Gie\u0142da Spo\u017cywcza\" \/>\n<meta property=\"og:description\" content=\"Jeste\u015bmy jednym z najwi\u0119kszych rynk\u00f3w hurtowych w Polsce. Znajdujemy si\u0119 w Z\u0105bkach, w odleg\u0142o\u015bci zaledwie 7 kilometr\u00f3w od centrum Stolicy. Nasza Gie\u0142da od 1991r. do chwili obecnej zajmuje znacz\u0105ce miejsce w strukturze dystrybucji artyku\u0142\u00f3w spo\u017cywczych na Mazowszu. Stanowimy baz\u0119 zaopatrzenia dla tysi\u0119cy sklep\u00f3w detalicznych, drobnego hurtu, HoReCa oraz punkt\u00f3w zbiorowego \u017cywienia. Handel na Gie\u0142dzie skupia [&hellip;]\" \/>\n<meta property=\"og:url\" content=\"https:\/\/www.praskagieldaspozywcza.pl\/en\/about-us\/history\/\" \/>\n<meta property=\"og:site_name\" content=\"Praska Gie\u0142da Spo\u017cywcza\" \/>\n<meta property=\"article:publisher\" content=\"https:\/\/www.facebook.com\/praska.gielda\/\" \/>\n<meta property=\"article:modified_time\" content=\"2016-07-27T06:41:12+00:00\" \/>\n<meta property=\"og:image\" content=\"https:\/\/www.praskagieldaspozywcza.pl\/wp-content\/uploads\/2016\/06\/banner_onas_v1b-1.jpg\" \/>\n\t<meta property=\"og:image:width\" content=\"1600\" \/>\n\t<meta property=\"og:image:height\" content=\"180\" \/>\n<meta name=\"twitter:card\" content=\"summary\" \/>\n<meta name=\"twitter:label1\" content=\"Est. reading time\" \/>\n\t<meta name=\"twitter:data1\" content=\"1 minute\" \/>\n<script type=\"application\/ld+json\" class=\"yoast-schema-graph\">{\"@context\":\"https:\/\/schema.org\",\"@graph\":[{\"@type\":\"WebSite\",\"@id\":\"https:\/\/www.praskagieldaspozywcza.pl\/#website\",\"url\":\"https:\/\/www.praskagieldaspozywcza.pl\/\",\"name\":\"Praska Gie\\u0142da Spo\\u017cywcza\",\"description\":\"Praska Gie\\u0142da Spo\\u017cywcza Warszawa, woj. Mazowieckie - pe\\u0142ne zaopatrzenie sklep\\u00f3w spo\\u017cywczych, horeca i gastronomii. Hurtownie spo\\u017cywcze oferuj\\u0105ce  w\\u0119dliny, \\u015bwie\\u017ce ryby, mi\\u0119so i opakowania jednorazowe. Hurtownia artyku\\u0142\\u00f3w spo\\u017cywczych, alkoholi, gastronomiczna czy hurtownia s\\u0142odyczy do znalezienia na gie\\u0142dzie.\",\"potentialAction\":[{\"@type\":\"SearchAction\",\"target\":{\"@type\":\"EntryPoint\",\"urlTemplate\":\"https:\/\/www.praskagieldaspozywcza.pl\/?s={search_term_string}\"},\"query-input\":\"required name=search_term_string\"}],\"inLanguage\":\"ENH\"},{\"@type\":\"ImageObject\",\"@id\":\"https:\/\/www.praskagieldaspozywcza.pl\/en\/about-us\/history\/#primaryimage\",\"inLanguage\":\"ENH\",\"url\":\"https:\/\/www.praskagieldaspozywcza.pl\/wp-content\/uploads\/2016\/06\/banner_onas_v1b-1.jpg\",\"contentUrl\":\"https:\/\/www.praskagieldaspozywcza.pl\/wp-content\/uploads\/2016\/06\/banner_onas_v1b-1.jpg\",\"width\":1600,\"height\":180},{\"@type\":\"WebPage\",\"@id\":\"https:\/\/www.praskagieldaspozywcza.pl\/en\/about-us\/history\/#webpage\",\"url\":\"https:\/\/www.praskagieldaspozywcza.pl\/en\/about-us\/history\/\",\"name\":\"History - Praska Gie\\u0142da Spo\\u017cywcza\",\"isPartOf\":{\"@id\":\"https:\/\/www.praskagieldaspozywcza.pl\/#website\"},\"primaryImageOfPage\":{\"@id\":\"https:\/\/www.praskagieldaspozywcza.pl\/en\/about-us\/history\/#primaryimage\"},\"datePublished\":\"2016-07-26T09:11:36+00:00\",\"dateModified\":\"2016-07-27T06:41:12+00:00\",\"breadcrumb\":{\"@id\":\"https:\/\/www.praskagieldaspozywcza.pl\/en\/about-us\/history\/#breadcrumb\"},\"inLanguage\":\"ENH\",\"potentialAction\":[{\"@type\":\"ReadAction\",\"target\":[\"https:\/\/www.praskagieldaspozywcza.pl\/en\/about-us\/history\/\"]}]},{\"@type\":\"BreadcrumbList\",\"@id\":\"https:\/\/www.praskagieldaspozywcza.pl\/en\/about-us\/history\/#breadcrumb\",\"itemListElement\":[{\"@type\":\"ListItem\",\"position\":1,\"name\":\"Strona g\\u0142\\u00f3wna\",\"item\":\"https:\/\/www.praskagieldaspozywcza.pl\/en\/\"},{\"@type\":\"ListItem\",\"position\":2,\"name\":\"About us\",\"item\":\"https:\/\/www.praskagieldaspozywcza.pl\/en\/about-us\/\"},{\"@type\":\"ListItem\",\"position\":3,\"name\":\"History\"}]}]}<\/script>\n<!-- \/ Yoast SEO plugin. -->","yoast_head_json":{"robots":{"index,follow":"noindex,follow"},"og_locale":"en_US","og_type":"article","og_title":"History - Praska Gie\u0142da Spo\u017cywcza","og_description":"Jeste\u015bmy jednym z najwi\u0119kszych rynk\u00f3w hurtowych w Polsce. Znajdujemy si\u0119 w Z\u0105bkach, w odleg\u0142o\u015bci zaledwie 7 kilometr\u00f3w od centrum Stolicy. Nasza Gie\u0142da od 1991r. do chwili obecnej zajmuje znacz\u0105ce miejsce w strukturze dystrybucji artyku\u0142\u00f3w spo\u017cywczych na Mazowszu. Stanowimy baz\u0119 zaopatrzenia dla tysi\u0119cy sklep\u00f3w detalicznych, drobnego hurtu, HoReCa oraz punkt\u00f3w zbiorowego \u017cywienia. Handel na Gie\u0142dzie skupia [&hellip;]","og_url":"https:\/\/www.praskagieldaspozywcza.pl\/en\/about-us\/history\/","og_site_name":"Praska Gie\u0142da Spo\u017cywcza","article_publisher":"https:\/\/www.facebook.com\/praska.gielda\/","article_modified_time":"2016-07-27T06:41:12+00:00","og_image":[{"width":1600,"height":180,"url":"https:\/\/www.praskagieldaspozywcza.pl\/wp-content\/uploads\/2016\/06\/banner_onas_v1b-1.jpg","path":"\/\/wp-content\/uploads\/2016\/06\/banner_onas_v1b-1.jpg","size":"full","id":2402,"alt":"","pixels":288000,"type":"image\/jpeg"}],"twitter_card":"summary","twitter_misc":{"Est. reading time":"1 minute"},"schema":{"@context":"https:\/\/schema.org","@graph":[{"@type":"WebSite","@id":"https:\/\/www.praskagieldaspozywcza.pl\/#website","url":"https:\/\/www.praskagieldaspozywcza.pl\/","name":"Praska Gie\u0142da Spo\u017cywcza","description":"Praska Gie\u0142da Spo\u017cywcza Warszawa, woj. Mazowieckie - pe\u0142ne zaopatrzenie sklep\u00f3w spo\u017cywczych, horeca i gastronomii. Hurtownie spo\u017cywcze oferuj\u0105ce  w\u0119dliny, \u015bwie\u017ce ryby, mi\u0119so i opakowania jednorazowe. Hurtownia artyku\u0142\u00f3w spo\u017cywczych, alkoholi, gastronomiczna czy hurtownia s\u0142odyczy do znalezienia na gie\u0142dzie.","potentialAction":[{"@type":"SearchAction","target":{"@type":"EntryPoint","urlTemplate":"https:\/\/www.praskagieldaspozywcza.pl\/?s={search_term_string}"},"query-input":"required name=search_term_string"}],"inLanguage":"ENH"},{"@type":"ImageObject","@id":"https:\/\/www.praskagieldaspozywcza.pl\/en\/about-us\/history\/#primaryimage","inLanguage":"ENH","url":"https:\/\/www.praskagieldaspozywcza.pl\/wp-content\/uploads\/2016\/06\/banner_onas_v1b-1.jpg","contentUrl":"https:\/\/www.praskagieldaspozywcza.pl\/wp-content\/uploads\/2016\/06\/banner_onas_v1b-1.jpg","width":1600,"height":180},{"@type":"WebPage","@id":"https:\/\/www.praskagieldaspozywcza.pl\/en\/about-us\/history\/#webpage","url":"https:\/\/www.praskagieldaspozywcza.pl\/en\/about-us\/history\/","name":"History - Praska Gie\u0142da Spo\u017cywcza","isPartOf":{"@id":"https:\/\/www.praskagieldaspozywcza.pl\/#website"},"primaryImageOfPage":{"@id":"https:\/\/www.praskagieldaspozywcza.pl\/en\/about-us\/history\/#primaryimage"},"datePublished":"2016-07-26T09:11:36+00:00","dateModified":"2016-07-27T06:41:12+00:00","breadcrumb":{"@id":"https:\/\/www.praskagieldaspozywcza.pl\/en\/about-us\/history\/#breadcrumb"},"inLanguage":"ENH","potentialAction":[{"@type":"ReadAction","target":["https:\/\/www.praskagieldaspozywcza.pl\/en\/about-us\/history\/"]}]},{"@type":"BreadcrumbList","@id":"https:\/\/www.praskagieldaspozywcza.pl\/en\/about-us\/history\/#breadcrumb","itemListElement":[{"@type":"ListItem","position":1,"name":"Strona g\u0142\u00f3wna","item":"https:\/\/www.praskagieldaspozywcza.pl\/en\/"},{"@type":"ListItem","position":2,"name":"About us","item":"https:\/\/www.praskagieldaspozywcza.pl\/en\/about-us\/"},{"@type":"ListItem","position":3,"name":"History"}]}]}},"_links":{"self":[{"href":"https:\/\/www.praskagieldaspozywcza.pl\/en\/wp-json\/wp\/v2\/pages\/2696"}],"collection":[{"href":"https:\/\/www.praskagieldaspozywcza.pl\/en\/wp-json\/wp\/v2\/pages"}],"about":[{"href":"https:\/\/www.praskagieldaspozywcza.pl\/en\/wp-json\/wp\/v2\/types\/page"}],"author":[{"embeddable":true,"href":"https:\/\/www.praskagieldaspozywcza.pl\/en\/wp-json\/wp\/v2\/users\/1"}],"replies":[{"embeddable":true,"href":"https:\/\/www.praskagieldaspozywcza.pl\/en\/wp-json\/wp\/v2\/comments?post=2696"}],"version-history":[{"count":1,"href":"https:\/\/www.praskagieldaspozywcza.pl\/en\/wp-json\/wp\/v2\/pages\/2696\/revisions"}],"predecessor-version":[{"id":2697,"href":"https:\/\/www.praskagieldaspozywcza.pl\/en\/wp-json\/wp\/v2\/pages\/2696\/revisions\/2697"}],"up":[{"embeddable":true,"href":"https:\/\/www.praskagieldaspozywcza.pl\/en\/wp-json\/wp\/v2\/pages\/2692"}],"wp:featuredmedia":[{"embeddable":true,"href":"https:\/\/www.praskagieldaspozywcza.pl\/en\/wp-json\/wp\/v2\/media\/2402"}],"wp:attachment":[{"href":"https:\/\/www.praskagieldaspozywcza.pl\/en\/wp-json\/wp\/v2\/media?parent=2696"}],"curies":[{"name":"wp","href":"https:\/\/api.w.org\/{rel}","templated":true}]}}