{"id":2700,"date":"2016-07-26T11:12:47","date_gmt":"2016-07-26T09:12:47","guid":{"rendered":"http:\/\/beta.praskagieldaspozywcza.pl\/en\/?page_id=2700"},"modified":"2016-07-27T08:41:36","modified_gmt":"2016-07-27T06:41:36","slug":"awards-and-certificates","status":"publish","type":"page","link":"https:\/\/www.praskagieldaspozywcza.pl\/en\/about-us\/awards-and-certificates\/","title":{"rendered":"Awards and certificates"},"content":{"rendered":"<p>Praska Gie\u0142da Spo\u017cywcza nale\u017cy do Stowarzyszenia Rynk\u00f3w Hurtowych w Polsce. W jego ramach dzia\u0142a na rzecz pozyskania \u015brodk\u00f3w unijnych dla rozwoju i modernizacji tego kana\u0142u dystrybucji. Gie\u0142da jest r\u00f3wnie\u017c cz\u0142onkiem Mi\u0119dzynarodowego Stowarzyszenia Rynk\u00f3w Hurtowych.<\/p>\n<p>Rynki hurtowe w Europie Zachodniej s\u0105 synonimem wysokiej jako\u015bci. Wprowadzaj\u0105 w\u0142asne certyfikaty, a produkty z nich pochodz\u0105ce s\u0105 uznawane za artyku\u0142y o najwy\u017cszej jako\u015bci. Praska Gie\u0142da Spo\u017cywcza stawia sobie za cel, aby dzi\u0119ki jej po\u015brednictwu, oferowane produkty by\u0142y konkurencyjne cenowo i reprezentowa\u0142y europejskie standardy jako\u015bciowe.<\/p>\n<p>&nbsp;<\/p>\n<p><strong>Praska Gie\u0142da Spo\u017cywcza jest cz\u0142onkiem \u015awiatowego Stowarzyszenia Rynk\u00f3w Hurtowych<\/strong><\/p>\n<p><img loading=\"lazy\" class=\"aligncenter size-full wp-image-2626\" src=\"http:\/\/beta.praskagieldaspozywcza.pl\/wp-content\/uploads\/2016\/06\/certyfikat-na-www.jpg\" alt=\"KM_C224e Agrotechnika-20160121104446\" width=\"2338\" height=\"1653\" srcset=\"https:\/\/www.praskagieldaspozywcza.pl\/wp-content\/uploads\/2016\/06\/certyfikat-na-www.jpg 2338w, https:\/\/www.praskagieldaspozywcza.pl\/wp-content\/uploads\/2016\/06\/certyfikat-na-www-300x212.jpg 300w, https:\/\/www.praskagieldaspozywcza.pl\/wp-content\/uploads\/2016\/06\/certyfikat-na-www-768x543.jpg 768w, https:\/\/www.praskagieldaspozywcza.pl\/wp-content\/uploads\/2016\/06\/certyfikat-na-www-1024x724.jpg 1024w, https:\/\/www.praskagieldaspozywcza.pl\/wp-content\/uploads\/2016\/06\/certyfikat-na-www-250x177.jpg 250w, https:\/\/www.praskagieldaspozywcza.pl\/wp-content\/uploads\/2016\/06\/certyfikat-na-www-550x389.jpg 550w, https:\/\/www.praskagieldaspozywcza.pl\/wp-content\/uploads\/2016\/06\/certyfikat-na-www-800x566.jpg 800w, https:\/\/www.praskagieldaspozywcza.pl\/wp-content\/uploads\/2016\/06\/certyfikat-na-www-255x180.jpg 255w, https:\/\/www.praskagieldaspozywcza.pl\/wp-content\/uploads\/2016\/06\/certyfikat-na-www-424x300.jpg 424w, https:\/\/www.praskagieldaspozywcza.pl\/wp-content\/uploads\/2016\/06\/certyfikat-na-www-707x500.jpg 707w\" sizes=\"(max-width: 2338px) 100vw, 2338px\" \/><\/p>\n<p>Praska Gie\u0142da Spo\u017cywcza SA troszczy si\u0119 o to, aby by\u0107 rynkiem konkurencyjnym wobec innych miejsc zaopatrzenia. A to, oczywi\u015bcie, oznacza wysok\u0105 jako\u015b\u0107 i atrakcyjne ceny, kt\u00f3re s\u0105 na Gie\u0142dzie zdecydowanie ni\u017csze ni\u017c w innych miejscach handlu hurtowego. Ich uzyskiwanie ma istotny zwi\u0105zek z odpowiedni\u0105 wielko\u015bci\u0105 obrotu, kt\u00f3r\u0105 Gie\u0142da &#8211; z uwagi na skal\u0119 w\u0142asnego rynku &#8211; zapewnia swoim kontrahentom.<\/p>\n<div id=\"attachment_2654\" style=\"width: 560px\" class=\"wp-caption aligncenter\"><img aria-describedby=\"caption-attachment-2654\" loading=\"lazy\" class=\"wp-image-2654 size-wcstandard\" src=\"http:\/\/beta.praskagieldaspozywcza.pl\/wp-content\/uploads\/2016\/06\/28-550x367.jpg\" alt=\"28\" width=\"550\" height=\"367\" srcset=\"https:\/\/www.praskagieldaspozywcza.pl\/wp-content\/uploads\/2016\/06\/28-550x367.jpg 550w, https:\/\/www.praskagieldaspozywcza.pl\/wp-content\/uploads\/2016\/06\/28-300x200.jpg 300w, https:\/\/www.praskagieldaspozywcza.pl\/wp-content\/uploads\/2016\/06\/28-768x513.jpg 768w, https:\/\/www.praskagieldaspozywcza.pl\/wp-content\/uploads\/2016\/06\/28-1024x684.jpg 1024w, https:\/\/www.praskagieldaspozywcza.pl\/wp-content\/uploads\/2016\/06\/28-250x167.jpg 250w, https:\/\/www.praskagieldaspozywcza.pl\/wp-content\/uploads\/2016\/06\/28-800x534.jpg 800w, https:\/\/www.praskagieldaspozywcza.pl\/wp-content\/uploads\/2016\/06\/28-270x180.jpg 270w, https:\/\/www.praskagieldaspozywcza.pl\/wp-content\/uploads\/2016\/06\/28-449x300.jpg 449w, https:\/\/www.praskagieldaspozywcza.pl\/wp-content\/uploads\/2016\/06\/28-749x500.jpg 749w, https:\/\/www.praskagieldaspozywcza.pl\/wp-content\/uploads\/2016\/06\/28.jpg 1800w\" sizes=\"(max-width: 550px) 100vw, 550px\" \/><p id=\"caption-attachment-2654\" class=\"wp-caption-text\">Tytu\u0142 Pro Masovia 2011<\/p><\/div>\n<p>W 2011 roku otrzymali\u015bmy Medal Pami\u0105tkowy Pro Masovia za ca\u0142okszta\u0142t dzia\u0142alno\u015bci zawodowej, spo\u0142ecznej, publicznej i realizacj\u0105 swoich zada\u0144 na rzecz Wojew\u00f3dztwa Mazowieckiego, kt\u00f3re wybitnie przyczyni\u0142y si\u0119 do gospodarczego, kulturalnego i spo\u0142ecznego rozwoju Mazowsza.<\/p>\n","protected":false},"excerpt":{"rendered":"<p>Praska Gie\u0142da Spo\u017cywcza nale\u017cy do Stowarzyszenia Rynk\u00f3w Hurtowych w Polsce. W jego ramach dzia\u0142a na rzecz pozyskania \u015brodk\u00f3w unijnych dla rozwoju i modernizacji tego kana\u0142u dystrybucji. Gie\u0142da jest r\u00f3wnie\u017c cz\u0142onkiem Mi\u0119dzynarodowego Stowarzyszenia Rynk\u00f3w Hurtowych. Rynki hurtowe w Europie Zachodniej s\u0105 synonimem wysokiej jako\u015bci. Wprowadzaj\u0105 w\u0142asne certyfikaty, a produkty z nich pochodz\u0105ce s\u0105 uznawane za artyku\u0142y [&hellip;]<\/p>\n","protected":false},"author":1,"featured_media":2402,"parent":2692,"menu_order":0,"comment_status":"closed","ping_status":"closed","template":"page-sidebar.php","meta":[],"yoast_head":"<!-- This site is optimized with the Yoast SEO plugin v16.8 - https:\/\/yoast.com\/wordpress\/plugins\/seo\/ -->\n<meta name=\"robots\" content=\"noindex,follow\" \/>\n<meta property=\"og:locale\" content=\"en_US\" \/>\n<meta property=\"og:type\" content=\"article\" \/>\n<meta property=\"og:title\" content=\"Awards and certificates - Praska Gie\u0142da Spo\u017cywcza\" \/>\n<meta property=\"og:description\" content=\"Praska Gie\u0142da Spo\u017cywcza nale\u017cy do Stowarzyszenia Rynk\u00f3w Hurtowych w Polsce. W jego ramach dzia\u0142a na rzecz pozyskania \u015brodk\u00f3w unijnych dla rozwoju i modernizacji tego kana\u0142u dystrybucji. Gie\u0142da jest r\u00f3wnie\u017c cz\u0142onkiem Mi\u0119dzynarodowego Stowarzyszenia Rynk\u00f3w Hurtowych. Rynki hurtowe w Europie Zachodniej s\u0105 synonimem wysokiej jako\u015bci. Wprowadzaj\u0105 w\u0142asne certyfikaty, a produkty z nich pochodz\u0105ce s\u0105 uznawane za artyku\u0142y [&hellip;]\" \/>\n<meta property=\"og:url\" content=\"https:\/\/www.praskagieldaspozywcza.pl\/en\/about-us\/awards-and-certificates\/\" \/>\n<meta property=\"og:site_name\" content=\"Praska Gie\u0142da Spo\u017cywcza\" \/>\n<meta property=\"article:publisher\" content=\"https:\/\/www.facebook.com\/praska.gielda\/\" \/>\n<meta property=\"article:modified_time\" content=\"2016-07-27T06:41:36+00:00\" \/>\n<meta property=\"og:image\" content=\"https:\/\/www.praskagieldaspozywcza.pl\/wp-content\/uploads\/2016\/06\/banner_onas_v1b-1.jpg\" \/>\n\t<meta property=\"og:image:width\" content=\"1600\" \/>\n\t<meta property=\"og:image:height\" content=\"180\" \/>\n<meta name=\"twitter:card\" content=\"summary\" \/>\n<meta name=\"twitter:label1\" content=\"Est. reading time\" \/>\n\t<meta name=\"twitter:data1\" content=\"1 minute\" \/>\n<script type=\"application\/ld+json\" class=\"yoast-schema-graph\">{\"@context\":\"https:\/\/schema.org\",\"@graph\":[{\"@type\":\"WebSite\",\"@id\":\"https:\/\/www.praskagieldaspozywcza.pl\/#website\",\"url\":\"https:\/\/www.praskagieldaspozywcza.pl\/\",\"name\":\"Praska Gie\\u0142da Spo\\u017cywcza\",\"description\":\"Praska Gie\\u0142da Spo\\u017cywcza Warszawa, woj. Mazowieckie - pe\\u0142ne zaopatrzenie sklep\\u00f3w spo\\u017cywczych, horeca i gastronomii. Hurtownie spo\\u017cywcze oferuj\\u0105ce  w\\u0119dliny, \\u015bwie\\u017ce ryby, mi\\u0119so i opakowania jednorazowe. Hurtownia artyku\\u0142\\u00f3w spo\\u017cywczych, alkoholi, gastronomiczna czy hurtownia s\\u0142odyczy do znalezienia na gie\\u0142dzie.\",\"potentialAction\":[{\"@type\":\"SearchAction\",\"target\":{\"@type\":\"EntryPoint\",\"urlTemplate\":\"https:\/\/www.praskagieldaspozywcza.pl\/?s={search_term_string}\"},\"query-input\":\"required name=search_term_string\"}],\"inLanguage\":\"ENH\"},{\"@type\":\"ImageObject\",\"@id\":\"https:\/\/www.praskagieldaspozywcza.pl\/en\/about-us\/awards-and-certificates\/#primaryimage\",\"inLanguage\":\"ENH\",\"url\":\"https:\/\/www.praskagieldaspozywcza.pl\/wp-content\/uploads\/2016\/06\/banner_onas_v1b-1.jpg\",\"contentUrl\":\"https:\/\/www.praskagieldaspozywcza.pl\/wp-content\/uploads\/2016\/06\/banner_onas_v1b-1.jpg\",\"width\":1600,\"height\":180},{\"@type\":\"WebPage\",\"@id\":\"https:\/\/www.praskagieldaspozywcza.pl\/en\/about-us\/awards-and-certificates\/#webpage\",\"url\":\"https:\/\/www.praskagieldaspozywcza.pl\/en\/about-us\/awards-and-certificates\/\",\"name\":\"Awards and certificates - Praska Gie\\u0142da Spo\\u017cywcza\",\"isPartOf\":{\"@id\":\"https:\/\/www.praskagieldaspozywcza.pl\/#website\"},\"primaryImageOfPage\":{\"@id\":\"https:\/\/www.praskagieldaspozywcza.pl\/en\/about-us\/awards-and-certificates\/#primaryimage\"},\"datePublished\":\"2016-07-26T09:12:47+00:00\",\"dateModified\":\"2016-07-27T06:41:36+00:00\",\"breadcrumb\":{\"@id\":\"https:\/\/www.praskagieldaspozywcza.pl\/en\/about-us\/awards-and-certificates\/#breadcrumb\"},\"inLanguage\":\"ENH\",\"potentialAction\":[{\"@type\":\"ReadAction\",\"target\":[\"https:\/\/www.praskagieldaspozywcza.pl\/en\/about-us\/awards-and-certificates\/\"]}]},{\"@type\":\"BreadcrumbList\",\"@id\":\"https:\/\/www.praskagieldaspozywcza.pl\/en\/about-us\/awards-and-certificates\/#breadcrumb\",\"itemListElement\":[{\"@type\":\"ListItem\",\"position\":1,\"name\":\"Strona g\\u0142\\u00f3wna\",\"item\":\"https:\/\/www.praskagieldaspozywcza.pl\/en\/\"},{\"@type\":\"ListItem\",\"position\":2,\"name\":\"About us\",\"item\":\"https:\/\/www.praskagieldaspozywcza.pl\/en\/about-us\/\"},{\"@type\":\"ListItem\",\"position\":3,\"name\":\"Awards and certificates\"}]}]}<\/script>\n<!-- \/ Yoast SEO plugin. -->","yoast_head_json":{"robots":{"index,follow":"noindex,follow"},"og_locale":"en_US","og_type":"article","og_title":"Awards and certificates - Praska Gie\u0142da Spo\u017cywcza","og_description":"Praska Gie\u0142da Spo\u017cywcza nale\u017cy do Stowarzyszenia Rynk\u00f3w Hurtowych w Polsce. W jego ramach dzia\u0142a na rzecz pozyskania \u015brodk\u00f3w unijnych dla rozwoju i modernizacji tego kana\u0142u dystrybucji. Gie\u0142da jest r\u00f3wnie\u017c cz\u0142onkiem Mi\u0119dzynarodowego Stowarzyszenia Rynk\u00f3w Hurtowych. Rynki hurtowe w Europie Zachodniej s\u0105 synonimem wysokiej jako\u015bci. Wprowadzaj\u0105 w\u0142asne certyfikaty, a produkty z nich pochodz\u0105ce s\u0105 uznawane za artyku\u0142y [&hellip;]","og_url":"https:\/\/www.praskagieldaspozywcza.pl\/en\/about-us\/awards-and-certificates\/","og_site_name":"Praska Gie\u0142da Spo\u017cywcza","article_publisher":"https:\/\/www.facebook.com\/praska.gielda\/","article_modified_time":"2016-07-27T06:41:36+00:00","og_image":[{"width":1600,"height":180,"url":"https:\/\/www.praskagieldaspozywcza.pl\/wp-content\/uploads\/2016\/06\/banner_onas_v1b-1.jpg","path":"\/\/wp-content\/uploads\/2016\/06\/banner_onas_v1b-1.jpg","size":"full","id":2402,"alt":"","pixels":288000,"type":"image\/jpeg"}],"twitter_card":"summary","twitter_misc":{"Est. reading time":"1 minute"},"schema":{"@context":"https:\/\/schema.org","@graph":[{"@type":"WebSite","@id":"https:\/\/www.praskagieldaspozywcza.pl\/#website","url":"https:\/\/www.praskagieldaspozywcza.pl\/","name":"Praska Gie\u0142da Spo\u017cywcza","description":"Praska Gie\u0142da Spo\u017cywcza Warszawa, woj. Mazowieckie - pe\u0142ne zaopatrzenie sklep\u00f3w spo\u017cywczych, horeca i gastronomii. Hurtownie spo\u017cywcze oferuj\u0105ce  w\u0119dliny, \u015bwie\u017ce ryby, mi\u0119so i opakowania jednorazowe. Hurtownia artyku\u0142\u00f3w spo\u017cywczych, alkoholi, gastronomiczna czy hurtownia s\u0142odyczy do znalezienia na gie\u0142dzie.","potentialAction":[{"@type":"SearchAction","target":{"@type":"EntryPoint","urlTemplate":"https:\/\/www.praskagieldaspozywcza.pl\/?s={search_term_string}"},"query-input":"required name=search_term_string"}],"inLanguage":"ENH"},{"@type":"ImageObject","@id":"https:\/\/www.praskagieldaspozywcza.pl\/en\/about-us\/awards-and-certificates\/#primaryimage","inLanguage":"ENH","url":"https:\/\/www.praskagieldaspozywcza.pl\/wp-content\/uploads\/2016\/06\/banner_onas_v1b-1.jpg","contentUrl":"https:\/\/www.praskagieldaspozywcza.pl\/wp-content\/uploads\/2016\/06\/banner_onas_v1b-1.jpg","width":1600,"height":180},{"@type":"WebPage","@id":"https:\/\/www.praskagieldaspozywcza.pl\/en\/about-us\/awards-and-certificates\/#webpage","url":"https:\/\/www.praskagieldaspozywcza.pl\/en\/about-us\/awards-and-certificates\/","name":"Awards and certificates - Praska Gie\u0142da Spo\u017cywcza","isPartOf":{"@id":"https:\/\/www.praskagieldaspozywcza.pl\/#website"},"primaryImageOfPage":{"@id":"https:\/\/www.praskagieldaspozywcza.pl\/en\/about-us\/awards-and-certificates\/#primaryimage"},"datePublished":"2016-07-26T09:12:47+00:00","dateModified":"2016-07-27T06:41:36+00:00","breadcrumb":{"@id":"https:\/\/www.praskagieldaspozywcza.pl\/en\/about-us\/awards-and-certificates\/#breadcrumb"},"inLanguage":"ENH","potentialAction":[{"@type":"ReadAction","target":["https:\/\/www.praskagieldaspozywcza.pl\/en\/about-us\/awards-and-certificates\/"]}]},{"@type":"BreadcrumbList","@id":"https:\/\/www.praskagieldaspozywcza.pl\/en\/about-us\/awards-and-certificates\/#breadcrumb","itemListElement":[{"@type":"ListItem","position":1,"name":"Strona g\u0142\u00f3wna","item":"https:\/\/www.praskagieldaspozywcza.pl\/en\/"},{"@type":"ListItem","position":2,"name":"About us","item":"https:\/\/www.praskagieldaspozywcza.pl\/en\/about-us\/"},{"@type":"ListItem","position":3,"name":"Awards and certificates"}]}]}},"_links":{"self":[{"href":"https:\/\/www.praskagieldaspozywcza.pl\/en\/wp-json\/wp\/v2\/pages\/2700"}],"collection":[{"href":"https:\/\/www.praskagieldaspozywcza.pl\/en\/wp-json\/wp\/v2\/pages"}],"about":[{"href":"https:\/\/www.praskagieldaspozywcza.pl\/en\/wp-json\/wp\/v2\/types\/page"}],"author":[{"embeddable":true,"href":"https:\/\/www.praskagieldaspozywcza.pl\/en\/wp-json\/wp\/v2\/users\/1"}],"replies":[{"embeddable":true,"href":"https:\/\/www.praskagieldaspozywcza.pl\/en\/wp-json\/wp\/v2\/comments?post=2700"}],"version-history":[{"count":1,"href":"https:\/\/www.praskagieldaspozywcza.pl\/en\/wp-json\/wp\/v2\/pages\/2700\/revisions"}],"predecessor-version":[{"id":2701,"href":"https:\/\/www.praskagieldaspozywcza.pl\/en\/wp-json\/wp\/v2\/pages\/2700\/revisions\/2701"}],"up":[{"embeddable":true,"href":"https:\/\/www.praskagieldaspozywcza.pl\/en\/wp-json\/wp\/v2\/pages\/2692"}],"wp:featuredmedia":[{"embeddable":true,"href":"https:\/\/www.praskagieldaspozywcza.pl\/en\/wp-json\/wp\/v2\/media\/2402"}],"wp:attachment":[{"href":"https:\/\/www.praskagieldaspozywcza.pl\/en\/wp-json\/wp\/v2\/media?parent=2700"}],"curies":[{"name":"wp","href":"https:\/\/api.w.org\/{rel}","templated":true}]}}