{"id":2706,"date":"2016-07-26T11:14:31","date_gmt":"2016-07-26T09:14:31","guid":{"rendered":"http:\/\/beta.praskagieldaspozywcza.pl\/en\/?page_id=2706"},"modified":"2016-07-27T08:38:18","modified_gmt":"2016-07-27T06:38:18","slug":"for-lease","status":"publish","type":"page","link":"https:\/\/www.praskagieldaspozywcza.pl\/en\/for-lease\/","title":{"rendered":"For lease"},"content":{"rendered":"<div id=\"module\">\n<p>Praska Gie\u0142da Spo\u017cywcza oferuje nowoczesne powierzchnie handlowe pod wynajem.<br \/>\nZapewniony jest ca\u0142odobowy doz\u00f3r wszystkich obiekt\u00f3w oraz dost\u0119p do wszystkich medi\u00f3w: energii elektrycznej, wody, us\u0142ug telekomunikacyjnych \u2013 w tym dost\u0119p do Internetu.<u><\/u><u><\/u><\/p>\n<p><strong>Praska Gie\u0142da Spo\u017cywcza Tw\u00f3j partner w biznesie:<\/strong><u><\/u><u><\/u><\/p>\n<ul>\n<li><u><\/u>&#8211; Powierzchnie handlowo-magazynowe dostosowana do indywidualnych potrzeb<u><\/u><u><\/u><\/li>\n<li><u><\/u>&#8211; Bezpo\u015brednie s\u0105siedztwo z Warszaw\u0105<u><\/u><u><\/u><\/li>\n<li><u><\/u>&#8211; Ochrona i monitoring gie\u0142dy<u><\/u><u><\/u><\/li>\n<li><u><\/u>&#8211; Serwis techniczny<u><\/u><u><\/u><\/li>\n<li><u><\/u>&#8211; Szybki internet i ta\u0144sze po\u0142\u0105czenia telefoniczne<u><\/u><u><\/u><\/li>\n<li><u><\/u>&#8211; Wjazdy na teren gie\u0142dy bez op\u0142at<u><\/u><u><\/u><\/li>\n<li><u><\/u>&#8211; Atrakcyjne ceny za wynajem powierzchni<u><\/u><u><\/u><\/li>\n<\/ul>\n<p>&nbsp;<\/p>\n<p>Aby dowiedzie\u0107 si\u0119 wi\u0119cej zadzwo\u0144: <strong>(+48 22) 77 15 826<\/strong>.<\/p>\n<p>&nbsp;<\/p>\n<\/div>\n<h2 style=\"text-align: center;\">Powierzchnie do wynaj\u0119cia:<\/h2>\n<p>&nbsp;<\/p>\n<div id=\"mapplic1\"><\/div>\n","protected":false},"excerpt":{"rendered":"<p>Praska Gie\u0142da Spo\u017cywcza oferuje nowoczesne powierzchnie handlowe pod wynajem. Zapewniony jest ca\u0142odobowy doz\u00f3r wszystkich obiekt\u00f3w oraz dost\u0119p do wszystkich medi\u00f3w: energii elektrycznej, wody, us\u0142ug telekomunikacyjnych \u2013 w tym dost\u0119p do Internetu. Praska Gie\u0142da Spo\u017cywcza Tw\u00f3j partner w biznesie: &#8211; Powierzchnie handlowo-magazynowe dostosowana do indywidualnych potrzeb &#8211; Bezpo\u015brednie s\u0105siedztwo z Warszaw\u0105 &#8211; Ochrona i monitoring gie\u0142dy [&hellip;]<\/p>\n","protected":false},"author":1,"featured_media":2412,"parent":0,"menu_order":0,"comment_status":"closed","ping_status":"closed","template":"page-sidebarwynajem.php","meta":[],"yoast_head":"<!-- This site is optimized with the Yoast SEO plugin v16.8 - https:\/\/yoast.com\/wordpress\/plugins\/seo\/ -->\n<meta name=\"robots\" content=\"noindex,follow\" \/>\n<meta property=\"og:locale\" content=\"en_US\" \/>\n<meta property=\"og:type\" content=\"article\" \/>\n<meta property=\"og:title\" content=\"For lease - Praska Gie\u0142da Spo\u017cywcza\" \/>\n<meta property=\"og:description\" content=\"Praska Gie\u0142da Spo\u017cywcza oferuje nowoczesne powierzchnie handlowe pod wynajem. Zapewniony jest ca\u0142odobowy doz\u00f3r wszystkich obiekt\u00f3w oraz dost\u0119p do wszystkich medi\u00f3w: energii elektrycznej, wody, us\u0142ug telekomunikacyjnych \u2013 w tym dost\u0119p do Internetu. Praska Gie\u0142da Spo\u017cywcza Tw\u00f3j partner w biznesie: &#8211; Powierzchnie handlowo-magazynowe dostosowana do indywidualnych potrzeb &#8211; Bezpo\u015brednie s\u0105siedztwo z Warszaw\u0105 &#8211; Ochrona i monitoring gie\u0142dy [&hellip;]\" \/>\n<meta property=\"og:url\" content=\"https:\/\/www.praskagieldaspozywcza.pl\/en\/for-lease\/\" \/>\n<meta property=\"og:site_name\" content=\"Praska Gie\u0142da Spo\u017cywcza\" \/>\n<meta property=\"article:publisher\" content=\"https:\/\/www.facebook.com\/praska.gielda\/\" \/>\n<meta property=\"article:modified_time\" content=\"2016-07-27T06:38:18+00:00\" \/>\n<meta property=\"og:image\" content=\"https:\/\/www.praskagieldaspozywcza.pl\/wp-content\/uploads\/2016\/06\/banner_wynajem_powierzchni_v1a.jpg\" \/>\n\t<meta property=\"og:image:width\" content=\"1600\" \/>\n\t<meta property=\"og:image:height\" content=\"180\" \/>\n<meta name=\"twitter:card\" content=\"summary\" \/>\n<meta name=\"twitter:label1\" content=\"Est. reading time\" \/>\n\t<meta name=\"twitter:data1\" content=\"1 minute\" \/>\n<script type=\"application\/ld+json\" class=\"yoast-schema-graph\">{\"@context\":\"https:\/\/schema.org\",\"@graph\":[{\"@type\":\"WebSite\",\"@id\":\"https:\/\/www.praskagieldaspozywcza.pl\/#website\",\"url\":\"https:\/\/www.praskagieldaspozywcza.pl\/\",\"name\":\"Praska Gie\\u0142da Spo\\u017cywcza\",\"description\":\"Praska Gie\\u0142da Spo\\u017cywcza Warszawa, woj. Mazowieckie - pe\\u0142ne zaopatrzenie sklep\\u00f3w spo\\u017cywczych, horeca i gastronomii. Hurtownie spo\\u017cywcze oferuj\\u0105ce  w\\u0119dliny, \\u015bwie\\u017ce ryby, mi\\u0119so i opakowania jednorazowe. Hurtownia artyku\\u0142\\u00f3w spo\\u017cywczych, alkoholi, gastronomiczna czy hurtownia s\\u0142odyczy do znalezienia na gie\\u0142dzie.\",\"potentialAction\":[{\"@type\":\"SearchAction\",\"target\":{\"@type\":\"EntryPoint\",\"urlTemplate\":\"https:\/\/www.praskagieldaspozywcza.pl\/?s={search_term_string}\"},\"query-input\":\"required name=search_term_string\"}],\"inLanguage\":\"ENH\"},{\"@type\":\"ImageObject\",\"@id\":\"https:\/\/www.praskagieldaspozywcza.pl\/en\/for-lease\/#primaryimage\",\"inLanguage\":\"ENH\",\"url\":\"https:\/\/www.praskagieldaspozywcza.pl\/wp-content\/uploads\/2016\/06\/banner_wynajem_powierzchni_v1a.jpg\",\"contentUrl\":\"https:\/\/www.praskagieldaspozywcza.pl\/wp-content\/uploads\/2016\/06\/banner_wynajem_powierzchni_v1a.jpg\",\"width\":1600,\"height\":180},{\"@type\":\"WebPage\",\"@id\":\"https:\/\/www.praskagieldaspozywcza.pl\/en\/for-lease\/#webpage\",\"url\":\"https:\/\/www.praskagieldaspozywcza.pl\/en\/for-lease\/\",\"name\":\"For lease - Praska Gie\\u0142da Spo\\u017cywcza\",\"isPartOf\":{\"@id\":\"https:\/\/www.praskagieldaspozywcza.pl\/#website\"},\"primaryImageOfPage\":{\"@id\":\"https:\/\/www.praskagieldaspozywcza.pl\/en\/for-lease\/#primaryimage\"},\"datePublished\":\"2016-07-26T09:14:31+00:00\",\"dateModified\":\"2016-07-27T06:38:18+00:00\",\"breadcrumb\":{\"@id\":\"https:\/\/www.praskagieldaspozywcza.pl\/en\/for-lease\/#breadcrumb\"},\"inLanguage\":\"ENH\",\"potentialAction\":[{\"@type\":\"ReadAction\",\"target\":[\"https:\/\/www.praskagieldaspozywcza.pl\/en\/for-lease\/\"]}]},{\"@type\":\"BreadcrumbList\",\"@id\":\"https:\/\/www.praskagieldaspozywcza.pl\/en\/for-lease\/#breadcrumb\",\"itemListElement\":[{\"@type\":\"ListItem\",\"position\":1,\"name\":\"Strona g\\u0142\\u00f3wna\",\"item\":\"https:\/\/www.praskagieldaspozywcza.pl\/en\/\"},{\"@type\":\"ListItem\",\"position\":2,\"name\":\"For lease\"}]}]}<\/script>\n<!-- \/ Yoast SEO plugin. -->","yoast_head_json":{"robots":{"index,follow":"noindex,follow"},"og_locale":"en_US","og_type":"article","og_title":"For lease - Praska Gie\u0142da Spo\u017cywcza","og_description":"Praska Gie\u0142da Spo\u017cywcza oferuje nowoczesne powierzchnie handlowe pod wynajem. Zapewniony jest ca\u0142odobowy doz\u00f3r wszystkich obiekt\u00f3w oraz dost\u0119p do wszystkich medi\u00f3w: energii elektrycznej, wody, us\u0142ug telekomunikacyjnych \u2013 w tym dost\u0119p do Internetu. Praska Gie\u0142da Spo\u017cywcza Tw\u00f3j partner w biznesie: &#8211; Powierzchnie handlowo-magazynowe dostosowana do indywidualnych potrzeb &#8211; Bezpo\u015brednie s\u0105siedztwo z Warszaw\u0105 &#8211; Ochrona i monitoring gie\u0142dy [&hellip;]","og_url":"https:\/\/www.praskagieldaspozywcza.pl\/en\/for-lease\/","og_site_name":"Praska Gie\u0142da Spo\u017cywcza","article_publisher":"https:\/\/www.facebook.com\/praska.gielda\/","article_modified_time":"2016-07-27T06:38:18+00:00","og_image":[{"width":1600,"height":180,"url":"https:\/\/www.praskagieldaspozywcza.pl\/wp-content\/uploads\/2016\/06\/banner_wynajem_powierzchni_v1a.jpg","path":"\/\/wp-content\/uploads\/2016\/06\/banner_wynajem_powierzchni_v1a.jpg","size":"full","id":2412,"alt":"","pixels":288000,"type":"image\/jpeg"}],"twitter_card":"summary","twitter_misc":{"Est. reading time":"1 minute"},"schema":{"@context":"https:\/\/schema.org","@graph":[{"@type":"WebSite","@id":"https:\/\/www.praskagieldaspozywcza.pl\/#website","url":"https:\/\/www.praskagieldaspozywcza.pl\/","name":"Praska Gie\u0142da Spo\u017cywcza","description":"Praska Gie\u0142da Spo\u017cywcza Warszawa, woj. Mazowieckie - pe\u0142ne zaopatrzenie sklep\u00f3w spo\u017cywczych, horeca i gastronomii. Hurtownie spo\u017cywcze oferuj\u0105ce  w\u0119dliny, \u015bwie\u017ce ryby, mi\u0119so i opakowania jednorazowe. Hurtownia artyku\u0142\u00f3w spo\u017cywczych, alkoholi, gastronomiczna czy hurtownia s\u0142odyczy do znalezienia na gie\u0142dzie.","potentialAction":[{"@type":"SearchAction","target":{"@type":"EntryPoint","urlTemplate":"https:\/\/www.praskagieldaspozywcza.pl\/?s={search_term_string}"},"query-input":"required name=search_term_string"}],"inLanguage":"ENH"},{"@type":"ImageObject","@id":"https:\/\/www.praskagieldaspozywcza.pl\/en\/for-lease\/#primaryimage","inLanguage":"ENH","url":"https:\/\/www.praskagieldaspozywcza.pl\/wp-content\/uploads\/2016\/06\/banner_wynajem_powierzchni_v1a.jpg","contentUrl":"https:\/\/www.praskagieldaspozywcza.pl\/wp-content\/uploads\/2016\/06\/banner_wynajem_powierzchni_v1a.jpg","width":1600,"height":180},{"@type":"WebPage","@id":"https:\/\/www.praskagieldaspozywcza.pl\/en\/for-lease\/#webpage","url":"https:\/\/www.praskagieldaspozywcza.pl\/en\/for-lease\/","name":"For lease - Praska Gie\u0142da Spo\u017cywcza","isPartOf":{"@id":"https:\/\/www.praskagieldaspozywcza.pl\/#website"},"primaryImageOfPage":{"@id":"https:\/\/www.praskagieldaspozywcza.pl\/en\/for-lease\/#primaryimage"},"datePublished":"2016-07-26T09:14:31+00:00","dateModified":"2016-07-27T06:38:18+00:00","breadcrumb":{"@id":"https:\/\/www.praskagieldaspozywcza.pl\/en\/for-lease\/#breadcrumb"},"inLanguage":"ENH","potentialAction":[{"@type":"ReadAction","target":["https:\/\/www.praskagieldaspozywcza.pl\/en\/for-lease\/"]}]},{"@type":"BreadcrumbList","@id":"https:\/\/www.praskagieldaspozywcza.pl\/en\/for-lease\/#breadcrumb","itemListElement":[{"@type":"ListItem","position":1,"name":"Strona g\u0142\u00f3wna","item":"https:\/\/www.praskagieldaspozywcza.pl\/en\/"},{"@type":"ListItem","position":2,"name":"For lease"}]}]}},"_links":{"self":[{"href":"https:\/\/www.praskagieldaspozywcza.pl\/en\/wp-json\/wp\/v2\/pages\/2706"}],"collection":[{"href":"https:\/\/www.praskagieldaspozywcza.pl\/en\/wp-json\/wp\/v2\/pages"}],"about":[{"href":"https:\/\/www.praskagieldaspozywcza.pl\/en\/wp-json\/wp\/v2\/types\/page"}],"author":[{"embeddable":true,"href":"https:\/\/www.praskagieldaspozywcza.pl\/en\/wp-json\/wp\/v2\/users\/1"}],"replies":[{"embeddable":true,"href":"https:\/\/www.praskagieldaspozywcza.pl\/en\/wp-json\/wp\/v2\/comments?post=2706"}],"version-history":[{"count":1,"href":"https:\/\/www.praskagieldaspozywcza.pl\/en\/wp-json\/wp\/v2\/pages\/2706\/revisions"}],"predecessor-version":[{"id":2707,"href":"https:\/\/www.praskagieldaspozywcza.pl\/en\/wp-json\/wp\/v2\/pages\/2706\/revisions\/2707"}],"wp:featuredmedia":[{"embeddable":true,"href":"https:\/\/www.praskagieldaspozywcza.pl\/en\/wp-json\/wp\/v2\/media\/2412"}],"wp:attachment":[{"href":"https:\/\/www.praskagieldaspozywcza.pl\/en\/wp-json\/wp\/v2\/media?parent=2706"}],"curies":[{"name":"wp","href":"https:\/\/api.w.org\/{rel}","templated":true}]}}