{"id":83,"date":"2016-06-15T09:51:32","date_gmt":"2016-06-15T07:51:32","guid":{"rendered":"http:\/\/beta.praskagieldaspozywcza.pl\/?page_id=83&#038;lang=en"},"modified":"2016-06-15T09:51:32","modified_gmt":"2016-06-15T07:51:32","slug":"market-place","status":"publish","type":"page","link":"https:\/\/www.praskagieldaspozywcza.pl\/en\/market-place\/","title":{"rendered":"Market place"},"content":{"rendered":"","protected":false},"excerpt":{"rendered":"","protected":false},"author":1,"featured_media":0,"parent":0,"menu_order":0,"comment_status":"closed","ping_status":"closed","template":"","meta":[],"yoast_head":"<!-- This site is optimized with the Yoast SEO plugin v16.8 - https:\/\/yoast.com\/wordpress\/plugins\/seo\/ -->\n<meta name=\"robots\" content=\"noindex,follow\" \/>\n<meta property=\"og:locale\" content=\"en_US\" \/>\n<meta property=\"og:type\" content=\"article\" \/>\n<meta property=\"og:title\" content=\"Market place - Praska Gie\u0142da Spo\u017cywcza\" \/>\n<meta property=\"og:url\" content=\"https:\/\/www.praskagieldaspozywcza.pl\/en\/market-place\/\" \/>\n<meta property=\"og:site_name\" content=\"Praska Gie\u0142da Spo\u017cywcza\" \/>\n<meta property=\"article:publisher\" content=\"https:\/\/www.facebook.com\/praska.gielda\/\" \/>\n<meta name=\"twitter:card\" content=\"summary\" \/>\n<script type=\"application\/ld+json\" class=\"yoast-schema-graph\">{\"@context\":\"https:\/\/schema.org\",\"@graph\":[{\"@type\":\"WebSite\",\"@id\":\"https:\/\/www.praskagieldaspozywcza.pl\/#website\",\"url\":\"https:\/\/www.praskagieldaspozywcza.pl\/\",\"name\":\"Praska Gie\\u0142da Spo\\u017cywcza\",\"description\":\"Praska Gie\\u0142da Spo\\u017cywcza Warszawa, woj. Mazowieckie - pe\\u0142ne zaopatrzenie sklep\\u00f3w spo\\u017cywczych, horeca i gastronomii. Hurtownie spo\\u017cywcze oferuj\\u0105ce  w\\u0119dliny, \\u015bwie\\u017ce ryby, mi\\u0119so i opakowania jednorazowe. Hurtownia artyku\\u0142\\u00f3w spo\\u017cywczych, alkoholi, gastronomiczna czy hurtownia s\\u0142odyczy do znalezienia na gie\\u0142dzie.\",\"potentialAction\":[{\"@type\":\"SearchAction\",\"target\":{\"@type\":\"EntryPoint\",\"urlTemplate\":\"https:\/\/www.praskagieldaspozywcza.pl\/?s={search_term_string}\"},\"query-input\":\"required name=search_term_string\"}],\"inLanguage\":\"ENH\"},{\"@type\":\"WebPage\",\"@id\":\"https:\/\/www.praskagieldaspozywcza.pl\/en\/market-place\/#webpage\",\"url\":\"https:\/\/www.praskagieldaspozywcza.pl\/en\/market-place\/\",\"name\":\"Market place - Praska Gie\\u0142da Spo\\u017cywcza\",\"isPartOf\":{\"@id\":\"https:\/\/www.praskagieldaspozywcza.pl\/#website\"},\"datePublished\":\"2016-06-15T07:51:32+00:00\",\"dateModified\":\"2016-06-15T07:51:32+00:00\",\"breadcrumb\":{\"@id\":\"https:\/\/www.praskagieldaspozywcza.pl\/en\/market-place\/#breadcrumb\"},\"inLanguage\":\"ENH\",\"potentialAction\":[{\"@type\":\"ReadAction\",\"target\":[\"https:\/\/www.praskagieldaspozywcza.pl\/en\/market-place\/\"]}]},{\"@type\":\"BreadcrumbList\",\"@id\":\"https:\/\/www.praskagieldaspozywcza.pl\/en\/market-place\/#breadcrumb\",\"itemListElement\":[{\"@type\":\"ListItem\",\"position\":1,\"name\":\"Strona g\\u0142\\u00f3wna\",\"item\":\"https:\/\/www.praskagieldaspozywcza.pl\/en\/\"},{\"@type\":\"ListItem\",\"position\":2,\"name\":\"Market place\"}]}]}<\/script>\n<!-- \/ Yoast SEO plugin. -->","yoast_head_json":{"robots":{"index,follow":"noindex,follow"},"og_locale":"en_US","og_type":"article","og_title":"Market place - Praska Gie\u0142da Spo\u017cywcza","og_url":"https:\/\/www.praskagieldaspozywcza.pl\/en\/market-place\/","og_site_name":"Praska Gie\u0142da Spo\u017cywcza","article_publisher":"https:\/\/www.facebook.com\/praska.gielda\/","twitter_card":"summary","schema":{"@context":"https:\/\/schema.org","@graph":[{"@type":"WebSite","@id":"https:\/\/www.praskagieldaspozywcza.pl\/#website","url":"https:\/\/www.praskagieldaspozywcza.pl\/","name":"Praska Gie\u0142da Spo\u017cywcza","description":"Praska Gie\u0142da Spo\u017cywcza Warszawa, woj. Mazowieckie - pe\u0142ne zaopatrzenie sklep\u00f3w spo\u017cywczych, horeca i gastronomii. Hurtownie spo\u017cywcze oferuj\u0105ce  w\u0119dliny, \u015bwie\u017ce ryby, mi\u0119so i opakowania jednorazowe. Hurtownia artyku\u0142\u00f3w spo\u017cywczych, alkoholi, gastronomiczna czy hurtownia s\u0142odyczy do znalezienia na gie\u0142dzie.","potentialAction":[{"@type":"SearchAction","target":{"@type":"EntryPoint","urlTemplate":"https:\/\/www.praskagieldaspozywcza.pl\/?s={search_term_string}"},"query-input":"required name=search_term_string"}],"inLanguage":"ENH"},{"@type":"WebPage","@id":"https:\/\/www.praskagieldaspozywcza.pl\/en\/market-place\/#webpage","url":"https:\/\/www.praskagieldaspozywcza.pl\/en\/market-place\/","name":"Market place - Praska Gie\u0142da Spo\u017cywcza","isPartOf":{"@id":"https:\/\/www.praskagieldaspozywcza.pl\/#website"},"datePublished":"2016-06-15T07:51:32+00:00","dateModified":"2016-06-15T07:51:32+00:00","breadcrumb":{"@id":"https:\/\/www.praskagieldaspozywcza.pl\/en\/market-place\/#breadcrumb"},"inLanguage":"ENH","potentialAction":[{"@type":"ReadAction","target":["https:\/\/www.praskagieldaspozywcza.pl\/en\/market-place\/"]}]},{"@type":"BreadcrumbList","@id":"https:\/\/www.praskagieldaspozywcza.pl\/en\/market-place\/#breadcrumb","itemListElement":[{"@type":"ListItem","position":1,"name":"Strona g\u0142\u00f3wna","item":"https:\/\/www.praskagieldaspozywcza.pl\/en\/"},{"@type":"ListItem","position":2,"name":"Market place"}]}]}},"_links":{"self":[{"href":"https:\/\/www.praskagieldaspozywcza.pl\/en\/wp-json\/wp\/v2\/pages\/83"}],"collection":[{"href":"https:\/\/www.praskagieldaspozywcza.pl\/en\/wp-json\/wp\/v2\/pages"}],"about":[{"href":"https:\/\/www.praskagieldaspozywcza.pl\/en\/wp-json\/wp\/v2\/types\/page"}],"author":[{"embeddable":true,"href":"https:\/\/www.praskagieldaspozywcza.pl\/en\/wp-json\/wp\/v2\/users\/1"}],"replies":[{"embeddable":true,"href":"https:\/\/www.praskagieldaspozywcza.pl\/en\/wp-json\/wp\/v2\/comments?post=83"}],"version-history":[{"count":1,"href":"https:\/\/www.praskagieldaspozywcza.pl\/en\/wp-json\/wp\/v2\/pages\/83\/revisions"}],"predecessor-version":[{"id":84,"href":"https:\/\/www.praskagieldaspozywcza.pl\/en\/wp-json\/wp\/v2\/pages\/83\/revisions\/84"}],"wp:attachment":[{"href":"https:\/\/www.praskagieldaspozywcza.pl\/en\/wp-json\/wp\/v2\/media?parent=83"}],"curies":[{"name":"wp","href":"https:\/\/api.w.org\/{rel}","templated":true}]}}