{"id":85,"date":"2016-06-15T09:54:10","date_gmt":"2016-06-15T07:54:10","guid":{"rendered":"http:\/\/beta.praskagieldaspozywcza.pl\/?page_id=85&#038;lang=en"},"modified":"2016-09-05T13:56:52","modified_gmt":"2016-09-05T11:56:52","slug":"main-page","status":"publish","type":"page","link":"https:\/\/www.praskagieldaspozywcza.pl\/en\/","title":{"rendered":"Home"},"content":{"rendered":"<p>Jeste\u015bmy jednym z najwi\u0119kszych rynk\u00f3w hurtowych w Polsce. Znajdujemy si\u0119 w Z\u0105bkach,w odleg\u0142o\u015bci zaledwie 7 kilometr\u00f3w od centrum Stolicy.<\/p>\n<p>Naszym Operatorom zapewniamy najwy\u017csz\u0105 jako\u015b\u0107 \u015bwiadczonych us\u0142ug. Dzi\u0119ki nowym inwestycjom powstaj\u0105 powierzchnie magazynowo-handlowe oraz infrastruktura spe\u0142niaj\u0105ca wymogi HACCP. Na bie\u017c\u0105co dbamy, a by ca\u0142a baza Gie\u0142dy funkcjonowa\u0142a sprawnie i bez zarzut\u00f3w.<\/p>\n","protected":false},"excerpt":{"rendered":"<p>Jeste\u015bmy jednym z najwi\u0119kszych rynk\u00f3w hurtowych w Polsce. Znajdujemy si\u0119 w Z\u0105bkach,w odleg\u0142o\u015bci zaledwie 7 kilometr\u00f3w od centrum Stolicy. Naszym Operatorom zapewniamy najwy\u017csz\u0105 jako\u015b\u0107 \u015bwiadczonych us\u0142ug. Dzi\u0119ki nowym inwestycjom powstaj\u0105 powierzchnie magazynowo-handlowe oraz infrastruktura spe\u0142niaj\u0105ca wymogi HACCP. Na bie\u017c\u0105co dbamy, a by ca\u0142a baza Gie\u0142dy funkcjonowa\u0142a sprawnie i bez zarzut\u00f3w.<\/p>\n","protected":false},"author":1,"featured_media":0,"parent":0,"menu_order":0,"comment_status":"closed","ping_status":"closed","template":"page-home-eng.php","meta":[],"yoast_head":"<!-- This site is optimized with the Yoast SEO plugin v16.8 - https:\/\/yoast.com\/wordpress\/plugins\/seo\/ -->\n<meta name=\"robots\" content=\"noindex,follow\" \/>\n<meta property=\"og:locale\" content=\"en_US\" \/>\n<meta property=\"og:type\" content=\"article\" \/>\n<meta property=\"og:title\" content=\"Home - Praska Gie\u0142da Spo\u017cywcza\" \/>\n<meta property=\"og:description\" content=\"Jeste\u015bmy jednym z najwi\u0119kszych rynk\u00f3w hurtowych w Polsce. Znajdujemy si\u0119 w Z\u0105bkach,w odleg\u0142o\u015bci zaledwie 7 kilometr\u00f3w od centrum Stolicy. Naszym Operatorom zapewniamy najwy\u017csz\u0105 jako\u015b\u0107 \u015bwiadczonych us\u0142ug. Dzi\u0119ki nowym inwestycjom powstaj\u0105 powierzchnie magazynowo-handlowe oraz infrastruktura spe\u0142niaj\u0105ca wymogi HACCP. Na bie\u017c\u0105co dbamy, a by ca\u0142a baza Gie\u0142dy funkcjonowa\u0142a sprawnie i bez zarzut\u00f3w.\" \/>\n<meta property=\"og:url\" content=\"https:\/\/www.praskagieldaspozywcza.pl\/en\/\" \/>\n<meta property=\"og:site_name\" content=\"Praska Gie\u0142da Spo\u017cywcza\" \/>\n<meta property=\"article:publisher\" content=\"https:\/\/www.facebook.com\/praska.gielda\/\" \/>\n<meta property=\"article:modified_time\" content=\"2016-09-05T11:56:52+00:00\" \/>\n<meta name=\"twitter:card\" content=\"summary\" \/>\n<script type=\"application\/ld+json\" class=\"yoast-schema-graph\">{\"@context\":\"https:\/\/schema.org\",\"@graph\":[{\"@type\":\"WebSite\",\"@id\":\"https:\/\/www.praskagieldaspozywcza.pl\/#website\",\"url\":\"https:\/\/www.praskagieldaspozywcza.pl\/\",\"name\":\"Praska Gie\\u0142da Spo\\u017cywcza\",\"description\":\"Praska Gie\\u0142da Spo\\u017cywcza Warszawa, woj. Mazowieckie - pe\\u0142ne zaopatrzenie sklep\\u00f3w spo\\u017cywczych, horeca i gastronomii. Hurtownie spo\\u017cywcze oferuj\\u0105ce  w\\u0119dliny, \\u015bwie\\u017ce ryby, mi\\u0119so i opakowania jednorazowe. Hurtownia artyku\\u0142\\u00f3w spo\\u017cywczych, alkoholi, gastronomiczna czy hurtownia s\\u0142odyczy do znalezienia na gie\\u0142dzie.\",\"potentialAction\":[{\"@type\":\"SearchAction\",\"target\":{\"@type\":\"EntryPoint\",\"urlTemplate\":\"https:\/\/www.praskagieldaspozywcza.pl\/?s={search_term_string}\"},\"query-input\":\"required name=search_term_string\"}],\"inLanguage\":\"ENH\"},{\"@type\":\"WebPage\",\"@id\":\"https:\/\/www.praskagieldaspozywcza.pl\/en\/#webpage\",\"url\":\"https:\/\/www.praskagieldaspozywcza.pl\/en\/\",\"name\":\"Home - Praska Gie\\u0142da Spo\\u017cywcza\",\"isPartOf\":{\"@id\":\"https:\/\/www.praskagieldaspozywcza.pl\/#website\"},\"datePublished\":\"2016-06-15T07:54:10+00:00\",\"dateModified\":\"2016-09-05T11:56:52+00:00\",\"breadcrumb\":{\"@id\":\"https:\/\/www.praskagieldaspozywcza.pl\/en\/#breadcrumb\"},\"inLanguage\":\"ENH\",\"potentialAction\":[{\"@type\":\"ReadAction\",\"target\":[\"https:\/\/www.praskagieldaspozywcza.pl\/en\/\"]}]},{\"@type\":\"BreadcrumbList\",\"@id\":\"https:\/\/www.praskagieldaspozywcza.pl\/en\/#breadcrumb\",\"itemListElement\":[{\"@type\":\"ListItem\",\"position\":1,\"name\":\"Strona g\\u0142\\u00f3wna\",\"item\":\"https:\/\/www.praskagieldaspozywcza.pl\/en\/\"},{\"@type\":\"ListItem\",\"position\":2,\"name\":\"Home\"}]}]}<\/script>\n<!-- \/ Yoast SEO plugin. -->","yoast_head_json":{"robots":{"index,follow":"noindex,follow"},"og_locale":"en_US","og_type":"article","og_title":"Home - Praska Gie\u0142da Spo\u017cywcza","og_description":"Jeste\u015bmy jednym z najwi\u0119kszych rynk\u00f3w hurtowych w Polsce. Znajdujemy si\u0119 w Z\u0105bkach,w odleg\u0142o\u015bci zaledwie 7 kilometr\u00f3w od centrum Stolicy. Naszym Operatorom zapewniamy najwy\u017csz\u0105 jako\u015b\u0107 \u015bwiadczonych us\u0142ug. Dzi\u0119ki nowym inwestycjom powstaj\u0105 powierzchnie magazynowo-handlowe oraz infrastruktura spe\u0142niaj\u0105ca wymogi HACCP. Na bie\u017c\u0105co dbamy, a by ca\u0142a baza Gie\u0142dy funkcjonowa\u0142a sprawnie i bez zarzut\u00f3w.","og_url":"https:\/\/www.praskagieldaspozywcza.pl\/en\/","og_site_name":"Praska Gie\u0142da Spo\u017cywcza","article_publisher":"https:\/\/www.facebook.com\/praska.gielda\/","article_modified_time":"2016-09-05T11:56:52+00:00","twitter_card":"summary","schema":{"@context":"https:\/\/schema.org","@graph":[{"@type":"WebSite","@id":"https:\/\/www.praskagieldaspozywcza.pl\/#website","url":"https:\/\/www.praskagieldaspozywcza.pl\/","name":"Praska Gie\u0142da Spo\u017cywcza","description":"Praska Gie\u0142da Spo\u017cywcza Warszawa, woj. Mazowieckie - pe\u0142ne zaopatrzenie sklep\u00f3w spo\u017cywczych, horeca i gastronomii. Hurtownie spo\u017cywcze oferuj\u0105ce  w\u0119dliny, \u015bwie\u017ce ryby, mi\u0119so i opakowania jednorazowe. Hurtownia artyku\u0142\u00f3w spo\u017cywczych, alkoholi, gastronomiczna czy hurtownia s\u0142odyczy do znalezienia na gie\u0142dzie.","potentialAction":[{"@type":"SearchAction","target":{"@type":"EntryPoint","urlTemplate":"https:\/\/www.praskagieldaspozywcza.pl\/?s={search_term_string}"},"query-input":"required name=search_term_string"}],"inLanguage":"ENH"},{"@type":"WebPage","@id":"https:\/\/www.praskagieldaspozywcza.pl\/en\/#webpage","url":"https:\/\/www.praskagieldaspozywcza.pl\/en\/","name":"Home - Praska Gie\u0142da Spo\u017cywcza","isPartOf":{"@id":"https:\/\/www.praskagieldaspozywcza.pl\/#website"},"datePublished":"2016-06-15T07:54:10+00:00","dateModified":"2016-09-05T11:56:52+00:00","breadcrumb":{"@id":"https:\/\/www.praskagieldaspozywcza.pl\/en\/#breadcrumb"},"inLanguage":"ENH","potentialAction":[{"@type":"ReadAction","target":["https:\/\/www.praskagieldaspozywcza.pl\/en\/"]}]},{"@type":"BreadcrumbList","@id":"https:\/\/www.praskagieldaspozywcza.pl\/en\/#breadcrumb","itemListElement":[{"@type":"ListItem","position":1,"name":"Strona g\u0142\u00f3wna","item":"https:\/\/www.praskagieldaspozywcza.pl\/en\/"},{"@type":"ListItem","position":2,"name":"Home"}]}]}},"_links":{"self":[{"href":"https:\/\/www.praskagieldaspozywcza.pl\/en\/wp-json\/wp\/v2\/pages\/85"}],"collection":[{"href":"https:\/\/www.praskagieldaspozywcza.pl\/en\/wp-json\/wp\/v2\/pages"}],"about":[{"href":"https:\/\/www.praskagieldaspozywcza.pl\/en\/wp-json\/wp\/v2\/types\/page"}],"author":[{"embeddable":true,"href":"https:\/\/www.praskagieldaspozywcza.pl\/en\/wp-json\/wp\/v2\/users\/1"}],"replies":[{"embeddable":true,"href":"https:\/\/www.praskagieldaspozywcza.pl\/en\/wp-json\/wp\/v2\/comments?post=85"}],"version-history":[{"count":7,"href":"https:\/\/www.praskagieldaspozywcza.pl\/en\/wp-json\/wp\/v2\/pages\/85\/revisions"}],"predecessor-version":[{"id":2802,"href":"https:\/\/www.praskagieldaspozywcza.pl\/en\/wp-json\/wp\/v2\/pages\/85\/revisions\/2802"}],"wp:attachment":[{"href":"https:\/\/www.praskagieldaspozywcza.pl\/en\/wp-json\/wp\/v2\/media?parent=85"}],"curies":[{"name":"wp","href":"https:\/\/api.w.org\/{rel}","templated":true}]}}